{"id":1206,"date":"2021-10-04T23:29:59","date_gmt":"2021-10-04T21:29:59","guid":{"rendered":"https:\/\/lecoq-fils.com\/?page_id=1206"},"modified":"2021-10-04T23:34:12","modified_gmt":"2021-10-04T21:34:12","slug":"mentions-legales","status":"publish","type":"page","link":"https:\/\/lecoq-fils.com\/en\/mentions-legales\/","title":{"rendered":"Mentions L\u00e9gales"},"content":{"rendered":"<div data-elementor-type=\"wp-page\" data-elementor-id=\"1206\" class=\"elementor elementor-1206\" data-elementor-post-type=\"page\">\n\t\t\t\t\t\t<section class=\"elementor-section elementor-top-section elementor-element elementor-element-4d74b1e elementor-section-height-min-height elementor-section-boxed elementor-section-height-default elementor-section-items-middle\" data-id=\"4d74b1e\" data-element_type=\"section\" data-settings=\"{&quot;background_background&quot;:&quot;classic&quot;}\">\n\t\t\t\t\t\t<div class=\"elementor-container elementor-column-gap-default\">\n\t\t\t\t\t<div class=\"elementor-column elementor-col-100 elementor-top-column elementor-element elementor-element-9118d97\" data-id=\"9118d97\" data-element_type=\"column\">\n\t\t\t<div class=\"elementor-widget-wrap\">\n\t\t\t\t\t\t\t<\/div>\n\t\t<\/div>\n\t\t\t\t\t<\/div>\n\t\t<\/section>\n\t\t\t\t<section class=\"elementor-section elementor-top-section elementor-element elementor-element-a7b0550 elementor-section-boxed elementor-section-height-default elementor-section-height-default\" data-id=\"a7b0550\" data-element_type=\"section\">\n\t\t\t\t\t\t<div class=\"elementor-container elementor-column-gap-default\">\n\t\t\t\t\t<div class=\"elementor-column elementor-col-100 elementor-top-column elementor-element elementor-element-dda48e6\" data-id=\"dda48e6\" data-element_type=\"column\">\n\t\t\t<div class=\"elementor-widget-wrap elementor-element-populated\">\n\t\t\t\t\t\t<div class=\"elementor-element elementor-element-d5fc375 elementor-widget elementor-widget-heading\" data-id=\"d5fc375\" data-element_type=\"widget\" data-widget_type=\"heading.default\">\n\t\t\t\t<div class=\"elementor-widget-container\">\n\t\t\t\t\t<h2 class=\"elementor-heading-title elementor-size-default\">Legal Notice\n<\/h2>\t\t\t\t<\/div>\n\t\t\t\t<\/div>\n\t\t\t\t<div class=\"elementor-element elementor-element-8afa586 elementor-widget elementor-widget-text-editor\" data-id=\"8afa586\" data-element_type=\"widget\" data-widget_type=\"text-editor.default\">\n\t\t\t\t<div class=\"elementor-widget-container\">\n\t\t\t\t\t\t\t\t\t<div id=\"content\" class=\"site-content\"><div class=\"container\"><div class=\"columns\"><div class=\"column is-8 is-offset-2\"><div id=\"primary\" class=\"content-area\"><main id=\"main\" class=\"site-main\" role=\"main\"><article id=\"post-2930\" class=\"post-2930 page type-page status-publish hentry\"><div class=\"entry-content\"><div class=\"vc_row wpb_row vc_row-fluid\"><div class=\"wpb_column vc_column_container vc_col-sm-12\"><div class=\"vc_column-inner\"><div class=\"wpb_wrapper\"><div class=\"wpb_text_column wpb_content_element\"><div class=\"wpb_wrapper\"><div><strong>LE COQ &amp; FILS<\/strong><\/div><div><a href=\"https:\/\/lecoq-fils.com\/en\/\">https:\/\/lecoq-fils.com\/<\/a><\/div><div>\u00a0<\/div><div>98 Rue Lepic, 75018 Paris<\/div><div>Soci\u00e9t\u00e9 par Actions Simplifi\u00e9e \u00e0 associ\u00e9 unique<\/div><div>SIRET 53051536000028<\/div><div>N\u00b0TVA Intercommunautaire<\/div><div>Restauration de type rapide<\/div><div>Code NAF 5610C<\/div><p>\u00a0<\/p><div>Dirigeant : Soci\u00e9t\u00e9 ENVOL<\/div><div>Co-g\u00e9rants : Patricia Grunler et Antoine Westermann<\/div><div>comptabilite@lecoq-fils.com<\/div><h5>R\u00c9ALISATION ET D\u00c9VELOPPEMENT<\/h5><div>Michael Yu \/ Agence Ollie<\/div><div>Domain Registration &amp; Website Hosting: OVH SAS SAS, 2 rue Kellermann- 59100 Roubaix \u2013 France SAS au capital de 500 000 \u20ac RCS Roubaix \u2013 Tourcoing<\/div><div>Website Type: WordPress created by Michael Yu<\/div><p>\u00a0<\/p><p align=\"justify\">Conform\u00e9ment aux dispositions du code de la propri\u00e9t\u00e9 intellectuelle, toute personne qui souhaiterait reproduire le contenu r\u00e9dactionnel de ce site en vue d\u2019une communication au public doit imp\u00e9rativement solliciter une autorisation pr\u00e9alable aupr\u00e8s d\u2019un des contacts mentionn\u00e9s ci-dessus. En cas d\u2019absence de r\u00e9ponse, ce silence ne vaudrait pas acceptation.<\/p><h5>MISE EN GARDE<\/h5><p align=\"justify\">Le Coq Rico s\u2019engage \u00e0 v\u00e9rifier le contenu des liens hypertextes pointant sur des pages ext\u00e9rieures au pr\u00e9sent site au moment de leur cr\u00e9ation, N\u00e9anmoins, le contenu des sites vis\u00e9s peut changer post\u00e9rieurement \u00e0 cette v\u00e9rification. Nous invitons donc les visiteurs \u00e0 la plus grande prudence, De m\u00eame, nous vous prions de bien vouloir nous signaler tout lien hypertexte bris\u00e9 ou erron\u00e9.<\/p><\/div><\/div><\/div><\/div><\/div><\/div><\/div><\/article><\/main><\/div><\/div><\/div><\/div><\/div><footer id=\"colophon\" class=\"site-footer\" role=\"contentinfo\"><div class=\"container is-fluid\"><div class=\"columns\"><div class=\"column is-4\"><section id=\"custom_html-3\" class=\"widget_text widget widget_custom_html\"><div class=\"textwidget custom-html-widget\"><div>\u00a0<\/div><\/div><\/section><\/div><\/div><\/div><\/footer>\t\t\t\t\t\t\t\t<\/div>\n\t\t\t\t<\/div>\n\t\t\t\t\t<\/div>\n\t\t<\/div>\n\t\t\t\t\t<\/div>\n\t\t<\/section>\n\t\t\t\t<\/div>","protected":false},"excerpt":{"rendered":"<p>Mentions l\u00e9gales LE COQ &amp; FILShttps:\/\/lecoq-fils.com\/\u00a098 Rue Lepic, 75018 ParisSoci\u00e9t\u00e9 par Actions Simplifi\u00e9e \u00e0 associ\u00e9 uniqueSIRET 53051536000028N\u00b0TVA IntercommunautaireRestauration de type rapideCode NAF 5610C \u00a0 Dirigeant : Soci\u00e9t\u00e9 ENVOLCo-g\u00e9rants : Patricia Grunler et Antoine Westermanncomptabilite@lecoq-fils.com R\u00c9ALISATION ET D\u00c9VELOPPEMENT Michael Yu \/ Agence OllieDomain Registration &amp; Website Hosting: OVH SAS SAS, 2 rue Kellermann- 59100 Roubaix \u2013 [&hellip;]<\/p>","protected":false},"author":3,"featured_media":0,"parent":0,"menu_order":0,"comment_status":"closed","ping_status":"closed","template":"","meta":{"_acf_changed":false,"_monsterinsights_skip_tracking":false,"_monsterinsights_sitenote_active":false,"_monsterinsights_sitenote_note":"","_monsterinsights_sitenote_category":0,"footnotes":""},"class_list":["post-1206","page","type-page","status-publish","hentry"],"acf":[],"aioseo_notices":[],"_links":{"self":[{"href":"https:\/\/lecoq-fils.com\/en\/wp-json\/wp\/v2\/pages\/1206","targetHints":{"allow":["GET"]}}],"collection":[{"href":"https:\/\/lecoq-fils.com\/en\/wp-json\/wp\/v2\/pages"}],"about":[{"href":"https:\/\/lecoq-fils.com\/en\/wp-json\/wp\/v2\/types\/page"}],"author":[{"embeddable":true,"href":"https:\/\/lecoq-fils.com\/en\/wp-json\/wp\/v2\/users\/3"}],"replies":[{"embeddable":true,"href":"https:\/\/lecoq-fils.com\/en\/wp-json\/wp\/v2\/comments?post=1206"}],"version-history":[{"count":0,"href":"https:\/\/lecoq-fils.com\/en\/wp-json\/wp\/v2\/pages\/1206\/revisions"}],"wp:attachment":[{"href":"https:\/\/lecoq-fils.com\/en\/wp-json\/wp\/v2\/media?parent=1206"}],"curies":[{"name":"wp","href":"https:\/\/api.w.org\/{rel}","templated":true}]}}