{"id":1960,"date":"2022-01-24T12:22:53","date_gmt":"2022-01-24T11:22:53","guid":{"rendered":"https:\/\/lecoq-fils.com\/?page_id=1960"},"modified":"2025-12-15T11:45:12","modified_gmt":"2025-12-15T10:45:12","slug":"menus-festifs","status":"publish","type":"page","link":"https:\/\/lecoq-fils.com\/en\/menus-festifs\/","title":{"rendered":"Thanksgiving!"},"content":{"rendered":"<div data-elementor-type=\"wp-page\" data-elementor-id=\"1960\" class=\"elementor elementor-1960\" data-elementor-post-type=\"page\">\n\t\t\t\t\t\t<section class=\"elementor-section elementor-top-section elementor-element elementor-element-78452870 elementor-section-height-min-height hero-section elementor-section-boxed elementor-section-height-default elementor-section-items-middle\" data-id=\"78452870\" data-element_type=\"section\" data-settings=\"{&quot;background_background&quot;:&quot;classic&quot;}\">\n\t\t\t\t\t\t\t<div class=\"elementor-background-overlay\"><\/div>\n\t\t\t\t\t\t\t<div class=\"elementor-container elementor-column-gap-default\">\n\t\t\t\t\t<div class=\"elementor-column elementor-col-100 elementor-top-column elementor-element elementor-element-32728f76\" data-id=\"32728f76\" data-element_type=\"column\">\n\t\t\t<div class=\"elementor-widget-wrap elementor-element-populated\">\n\t\t\t\t\t\t<div class=\"elementor-element elementor-element-0476d0b elementor-widget elementor-widget-heading\" data-id=\"0476d0b\" data-element_type=\"widget\" data-widget_type=\"heading.default\">\n\t\t\t\t<div class=\"elementor-widget-container\">\n\t\t\t\t\t<h2 class=\"elementor-heading-title elementor-size-default\">FESTIVES SUGGESTIONS!<\/h2>\t\t\t\t<\/div>\n\t\t\t\t<\/div>\n\t\t\t\t\t<\/div>\n\t\t<\/div>\n\t\t\t\t\t<\/div>\n\t\t<\/section>\n\t\t\t\t<section class=\"elementor-section elementor-top-section elementor-element elementor-element-cea40ed elementor-section-boxed elementor-section-height-default elementor-section-height-default\" data-id=\"cea40ed\" data-element_type=\"section\">\n\t\t\t\t\t\t<div class=\"elementor-container elementor-column-gap-default\">\n\t\t\t\t\t<div class=\"elementor-column elementor-col-20 elementor-top-column elementor-element elementor-element-8ec72b7\" data-id=\"8ec72b7\" data-element_type=\"column\">\n\t\t\t<div class=\"elementor-widget-wrap elementor-element-populated\">\n\t\t\t\t\t\t<div class=\"elementor-element elementor-element-142147d elementor-align-center elementor-widget elementor-widget-button\" data-id=\"142147d\" data-element_type=\"widget\" data-widget_type=\"button.default\">\n\t\t\t\t<div class=\"elementor-widget-container\">\n\t\t\t\t\t\t\t\t\t<div class=\"elementor-button-wrapper\">\n\t\t\t\t\t<a class=\"elementor-button elementor-button-link elementor-size-md\" href=\"https:\/\/lecoq-fils.com\/en\/a-la-carte\/\">\n\t\t\t\t\t\t<span class=\"elementor-button-content-wrapper\">\n\t\t\t\t\t\t\t\t\t<span class=\"elementor-button-text\">ON THE MENU<\/span>\n\t\t\t\t\t<\/span>\n\t\t\t\t\t<\/a>\n\t\t\t\t<\/div>\n\t\t\t\t\t\t\t\t<\/div>\n\t\t\t\t<\/div>\n\t\t\t\t\t<\/div>\n\t\t<\/div>\n\t\t\t\t<div class=\"elementor-column elementor-col-20 elementor-top-column elementor-element elementor-element-fafc919\" data-id=\"fafc919\" data-element_type=\"column\">\n\t\t\t<div class=\"elementor-widget-wrap elementor-element-populated\">\n\t\t\t\t\t\t<div class=\"elementor-element elementor-element-babd8de elementor-align-center elementor-widget elementor-widget-button\" data-id=\"babd8de\" data-element_type=\"widget\" data-widget_type=\"button.default\">\n\t\t\t\t<div class=\"elementor-widget-container\">\n\t\t\t\t\t\t\t\t\t<div class=\"elementor-button-wrapper\">\n\t\t\t\t\t<a class=\"elementor-button elementor-button-link elementor-size-md\" href=\"https:\/\/lecoq-fils.com\/en\/plats-du-jour\/\">\n\t\t\t\t\t\t<span class=\"elementor-button-content-wrapper\">\n\t\t\t\t\t\t\t\t\t<span class=\"elementor-button-text\">DISH OF THE DAY<\/span>\n\t\t\t\t\t<\/span>\n\t\t\t\t\t<\/a>\n\t\t\t\t<\/div>\n\t\t\t\t\t\t\t\t<\/div>\n\t\t\t\t<\/div>\n\t\t\t\t\t<\/div>\n\t\t<\/div>\n\t\t\t\t<div class=\"elementor-column elementor-col-20 elementor-top-column elementor-element elementor-element-b88dc39\" data-id=\"b88dc39\" data-element_type=\"column\">\n\t\t\t<div class=\"elementor-widget-wrap elementor-element-populated\">\n\t\t\t\t\t\t<div class=\"elementor-element elementor-element-c64cced elementor-align-center elementor-widget elementor-widget-button\" data-id=\"c64cced\" data-element_type=\"widget\" data-widget_type=\"button.default\">\n\t\t\t\t<div class=\"elementor-widget-container\">\n\t\t\t\t\t\t\t\t\t<div class=\"elementor-button-wrapper\">\n\t\t\t\t\t<a class=\"elementor-button elementor-button-link elementor-size-md\" href=\"https:\/\/lecoq-fils.com\/en\/desserts\/\">\n\t\t\t\t\t\t<span class=\"elementor-button-content-wrapper\">\n\t\t\t\t\t\t\t\t\t<span class=\"elementor-button-text\">DESSERTS<\/span>\n\t\t\t\t\t<\/span>\n\t\t\t\t\t<\/a>\n\t\t\t\t<\/div>\n\t\t\t\t\t\t\t\t<\/div>\n\t\t\t\t<\/div>\n\t\t\t\t\t<\/div>\n\t\t<\/div>\n\t\t\t\t<div class=\"elementor-column elementor-col-20 elementor-top-column elementor-element elementor-element-afd29f3\" data-id=\"afd29f3\" data-element_type=\"column\">\n\t\t\t<div class=\"elementor-widget-wrap elementor-element-populated\">\n\t\t\t\t\t\t<div class=\"elementor-element elementor-element-85c70ca elementor-align-center elementor-widget elementor-widget-button\" data-id=\"85c70ca\" data-element_type=\"widget\" data-widget_type=\"button.default\">\n\t\t\t\t<div class=\"elementor-widget-container\">\n\t\t\t\t\t\t\t\t\t<div class=\"elementor-button-wrapper\">\n\t\t\t\t\t<a class=\"elementor-button elementor-button-link elementor-size-md\" href=\"https:\/\/lecoq-fils.com\/en\/lami-e-vegetarien-ne\/\">\n\t\t\t\t\t\t<span class=\"elementor-button-content-wrapper\">\n\t\t\t\t\t\t\t\t\t<span class=\"elementor-button-text\">VEGGIE FRIENDLY<\/span>\n\t\t\t\t\t<\/span>\n\t\t\t\t\t<\/a>\n\t\t\t\t<\/div>\n\t\t\t\t\t\t\t\t<\/div>\n\t\t\t\t<\/div>\n\t\t\t\t\t<\/div>\n\t\t<\/div>\n\t\t\t\t<div class=\"elementor-column elementor-col-20 elementor-top-column elementor-element elementor-element-9179efd\" data-id=\"9179efd\" data-element_type=\"column\">\n\t\t\t<div class=\"elementor-widget-wrap elementor-element-populated\">\n\t\t\t\t\t\t<div class=\"elementor-element elementor-element-be791b6 elementor-align-center elementor-widget elementor-widget-button\" data-id=\"be791b6\" data-element_type=\"widget\" data-widget_type=\"button.default\">\n\t\t\t\t<div class=\"elementor-widget-container\">\n\t\t\t\t\t\t\t\t\t<div class=\"elementor-button-wrapper\">\n\t\t\t\t\t<a class=\"elementor-button elementor-button-link elementor-size-md\" href=\"https:\/\/lecoq-fils.com\/en\/menus-festifs\/\">\n\t\t\t\t\t\t<span class=\"elementor-button-content-wrapper\">\n\t\t\t\t\t\t\t\t\t<span class=\"elementor-button-text\">FESTIVE MENU'S<\/span>\n\t\t\t\t\t<\/span>\n\t\t\t\t\t<\/a>\n\t\t\t\t<\/div>\n\t\t\t\t\t\t\t\t<\/div>\n\t\t\t\t<\/div>\n\t\t\t\t\t<\/div>\n\t\t<\/div>\n\t\t\t\t\t<\/div>\n\t\t<\/section>\n\t\t\t\t<section class=\"elementor-section elementor-top-section elementor-element elementor-element-2a8fbeb elementor-section-boxed elementor-section-height-default elementor-section-height-default\" data-id=\"2a8fbeb\" data-element_type=\"section\">\n\t\t\t\t\t\t<div class=\"elementor-container elementor-column-gap-default\">\n\t\t\t\t\t<div class=\"elementor-column elementor-col-100 elementor-top-column elementor-element elementor-element-ed08a8e\" data-id=\"ed08a8e\" data-element_type=\"column\">\n\t\t\t<div class=\"elementor-widget-wrap elementor-element-populated\">\n\t\t\t\t\t\t<div class=\"elementor-element elementor-element-dcd6d43 elementor-widget-divider--view-line elementor-widget elementor-widget-divider\" data-id=\"dcd6d43\" data-element_type=\"widget\" data-widget_type=\"divider.default\">\n\t\t\t\t<div class=\"elementor-widget-container\">\n\t\t\t\t\t\t\t<div class=\"elementor-divider\">\n\t\t\t<span class=\"elementor-divider-separator\">\n\t\t\t\t\t\t<\/span>\n\t\t<\/div>\n\t\t\t\t\t\t<\/div>\n\t\t\t\t<\/div>\n\t\t\t\t\t<\/div>\n\t\t<\/div>\n\t\t\t\t\t<\/div>\n\t\t<\/section>\n\t\t\t\t<section class=\"elementor-section elementor-top-section elementor-element elementor-element-4f0af07 elementor-section-boxed elementor-section-height-default elementor-section-height-default\" data-id=\"4f0af07\" data-element_type=\"section\">\n\t\t\t\t\t\t<div class=\"elementor-container elementor-column-gap-default\">\n\t\t\t\t\t<div class=\"elementor-column elementor-col-100 elementor-top-column elementor-element elementor-element-68b555e\" data-id=\"68b555e\" data-element_type=\"column\">\n\t\t\t<div class=\"elementor-widget-wrap elementor-element-populated\">\n\t\t\t\t\t\t<div class=\"elementor-element elementor-element-8bc846b elementor-widget elementor-widget-text-editor\" data-id=\"8bc846b\" data-element_type=\"widget\" data-widget_type=\"text-editor.default\">\n\t\t\t\t<div class=\"elementor-widget-container\">\n\t\t\t\t\t\t\t\t\t<h3 class=\"lcr-header\" style=\"font-size: 25px;\"><strong>HOLIDAYS <\/strong><strong>UNDER THE COQ'S WING<\/strong><\/h3>\t\t\t\t\t\t\t\t<\/div>\n\t\t\t\t<\/div>\n\t\t\t\t\t<\/div>\n\t\t<\/div>\n\t\t\t\t\t<\/div>\n\t\t<\/section>\n\t\t\t\t<section class=\"elementor-section elementor-top-section elementor-element elementor-element-0bc000b elementor-section-boxed elementor-section-height-default elementor-section-height-default\" data-id=\"0bc000b\" data-element_type=\"section\">\n\t\t\t\t\t\t<div class=\"elementor-container elementor-column-gap-default\">\n\t\t\t\t\t<div class=\"elementor-column elementor-col-100 elementor-top-column elementor-element elementor-element-490fa87\" data-id=\"490fa87\" data-element_type=\"column\">\n\t\t\t<div class=\"elementor-widget-wrap elementor-element-populated\">\n\t\t\t\t\t\t<div class=\"elementor-element elementor-element-89811d6 elementor-widget elementor-widget-text-editor\" data-id=\"89811d6\" data-element_type=\"widget\" data-widget_type=\"text-editor.default\">\n\t\t\t\t<div class=\"elementor-widget-container\">\n\t\t\t\t\t\t\t\t\t<h3 class=\"title-menu-mobile\"><em style=\"font-size: 16px;\">Our festive suggestions for Xmas days<\/em><\/h3>\t\t\t\t\t\t\t\t<\/div>\n\t\t\t\t<\/div>\n\t\t\t\t<div class=\"elementor-element elementor-element-7fea54d elementor-widget elementor-widget-text-editor\" data-id=\"7fea54d\" data-element_type=\"widget\" data-widget_type=\"text-editor.default\">\n\t\t\t\t<div class=\"elementor-widget-container\">\n\t\t\t\t\t\t\t\t\t<h3><b>Hors d&rsquo;\u0153uvres<\/b><\/h3><h3><em><strong><span style=\"color: rgba(51, 51, 51, 0.85); font-family: Nunito; font-size: 16px;\">Gibblets<\/span><\/strong><\/em><\/h3><h3><strong><span style=\"color: rgba(51, 51, 51, 0.85); font-family: Nunito; font-size: 16px;\">FOIE GRAS DE VOLAILLE &#8211; 80g<\/span><\/strong><\/h3><p>With chef Westermann\u2019s 12 spices blend,\u00a0<br \/>ginger &amp; apple chutney<\/p><p>19.<\/p><h3><strong><span style=\"color: rgba(51, 51, 51, 0.85); font-family: Nunito; font-size: 16px;\">GIZZARDS CONFITS<\/span><\/strong><\/h3><p>Arugula, mint, almond Pesto &amp; toasted almonds<\/p><p>10.<\/p><h3><strong><span style=\"color: rgba(51, 51, 51, 0.85); font-family: Nunito; font-size: 16px;\">EMPANADAS D&rsquo;ABATTIS<br \/><br \/><\/span><\/strong><\/h3><p><em>3 pi\u00e8ces <\/em><br \/>Giblets herbs &amp; lemon confit,<br \/>Chic\u2019up poultry jus seasoning<\/p><p>11.<\/p><h3><em><strong><span style=\"color: rgba(51, 51, 51, 0.85); font-family: Nunito; font-size: 16px;\">SOUP IN A JAR!<\/span><\/strong><\/em><\/h3><h3><strong><span style=\"color: rgba(51, 51, 51, 0.85); font-family: Nunito; font-size: 16px;\">POULTRY CREAM\u00a0<\/span><\/strong><\/h3><p>Mushrooms duxelle, croutons &amp; chives<\/p><p>12.<\/p><h3><em><strong><span style=\"color: rgba(51, 51, 51, 0.85); font-family: Nunito; font-size: 16px;\">EGG'Z<\/span><\/strong><\/em><\/h3><h3><strong><span style=\"color: rgba(51, 51, 51, 0.85); font-family: Nunito; font-size: 16px;\">BLACK TRUFFLE EGG MAYO<\/span><\/strong><\/h3><p>Chic\u2019up poultry jus seasoning<br \/>bread croutons in olive oil<\/p><p>16.<\/p><h3><em><strong><span style=\"color: rgba(51, 51, 51, 0.85); font-family: Nunito; font-size: 16px;\">VEGGIE\u2019S<\/span><\/strong><\/em><\/h3><h3><strong><span style=\"color: rgba(51, 51, 51, 0.85); font-family: Nunito; font-size: 16px;\">ARTICHOKE HUMMUS<\/span><\/strong><\/h3><p>Parmesan crumble, oil &amp; truffle sprinkles<\/p><p>16.<\/p><h3 style=\"margin-top: 0px; font-size: 1.5rem; margin-bottom: 1.375rem; line-height: 1.1; font-family: 'EB Garamond', Georgia, serif;\"><span style=\"color: rgba(51, 51, 51, 0.85); font-family: Nunito; font-size: 16px;\">***<\/span><\/h3><div><h3><b>Festive Poultry!<\/b><\/h3><h3><strong><span style=\"color: rgba(51, 51, 51, 0.85); font-family: Nunito; font-size: 16px;\">BIRDS TO PECK ALL BY YOURSELF!<\/span><span style=\"color: rgba(51, 51, 51, 0.85); font-family: Nunito; font-size: 16px;\"><br \/><\/span><\/strong><em><span style=\"color: rgba(51, 51, 51, 0.85); font-family: Nunito; font-size: 16px;\">Garnished its jus, confit purple garlic &amp; your choice of: <br \/>fricassee of seasonal\nvegetables, <br \/>french fries, mac &amp; cheese, potatoes puree,<\/span><\/em><em><span style=\"color: rgba(51, 51, 51, 0.85); font-family: Nunito; font-size: 16px;\">seasonal green salad<\/span><\/em><\/h3><\/div><h3><strong><span style=\"color: rgba(51, 51, 51, 0.85); font-family: Nunito; font-size: 16px;\">ROASTED TURKEY QUARTER <br \/>&amp; MEATLOAF GIBLETS<\/span><\/strong><\/h3><p>Rouge des Ardennes breed - 260 days<br \/>49.<\/p><h3><strong><span style=\"color: rgba(51, 51, 51, 0.85); font-family: Nunito; font-size: 16px;\">QUART DE VOLAILLE ROTIE<\/span><\/strong><\/h3><p>Cou Nu breed - 120 days<br \/>28.<\/p><h3><strong><span style=\"color: rgba(51, 51, 51, 0.85); font-family: Nunito; font-size: 16px;\">COQ AU VIN QUARTER<\/span><\/strong><\/h3><p>Race Cou Nu &amp; Gauloise Blanche &#8211; 220 jours<br \/>45.<\/p><h3><strong><span style=\"color: rgba(51, 51, 51, 0.85); font-family: Nunito; font-size: 16px;\">ROASTED BIRDS TO SHARE!<\/span><\/strong><\/h3><p><em>Garnished with its jus, purple garlic &amp; your choice... French fries, mac &amp; cheese,<\/em><br \/><em>mac &amp; cheese, potatoes pur\u00e9e, fricass\u00e9e of seasonal vegetables, seasonal green salad.<\/em><\/p><h3><strong><span style=\"color: rgba(51, 51, 51, 0.85); font-family: Nunito; font-size: 16px;\">DINDE ENTI\u00c8RE &amp; MEATLOAF D&rsquo;ABATTIS<\/span><\/strong><\/h3><p>Rouge des Ardennes breed<br \/><em>260 days - 3,2 - 3,8 kg<\/em><br \/>Meatloaf giblets, poultry jus &amp; candied garlic<\/p><p>242.<\/p><h3><strong><span style=\"color: rgba(51, 51, 51, 0.85); font-family: Nunito; font-size: 16px;\">BRESSE AOC BREED<\/span><\/strong><\/h3><p>Gauloise Blanche breed<br \/><em>120 days\u2013 1,8 to 2 kg<\/em><\/p><p>169.<\/p><h3><strong><span style=\"color: rgba(51, 51, 51, 0.85); font-family: Nunito; font-size: 16px;\">DR\u00d4ME GUINEA FOWL<\/span><\/strong><\/h3><p>Nubienne breed<br \/><em>120 days \u2013 1,7 to 2 kg<\/em><\/p><p>125.<\/p><div><p>***<\/p><h3><b>Sides<\/b><\/h3><div><strong><span style=\"color: rgba(51, 51, 51, 0.85); font-family: Nunito;\">FRICASS\u00c9E L\u00c9GUMES<\/span><\/strong><\/div><div><p>Olive oil &amp; fresh chives<\/p><p>12.<\/p><h3><span style=\"color: rgba(51, 51, 51, 0.85); font-family: Nunito; font-size: 16px;\">SAUTEED ORGANIC MUSHROOMS<\/span><\/h3><p>parsley &amp; shallots<\/p><p>14.<\/p><h3><span style=\"color: rgba(51, 51, 51, 0.85); font-family: Nunito;\"><span style=\"font-size: 16px;\">GREEN SALAD<\/span><\/span><\/h3><p>Sherry vinegar, olive oil vinaigrette,\nfresh aromatic herbs &amp; shallots<\/p><p>7.<\/p><h3><span style=\"color: rgba(51, 51, 51, 0.85); font-family: Nunito;\"><span style=\"font-size: 16px;\">MAC &amp; CHEESE<\/span><\/span><\/h3><p>Sour cream, poultry broth, parmesan cheese<\/p><p>11.<\/p><h3><span style=\"color: rgba(51, 51, 51, 0.85); font-family: Nunito;\"><span style=\"font-size: 16px;\">POTATOES PUREE<br \/><\/span><\/span><\/h3><p>au bouillon de volaille &amp; huile d&rsquo;olive<\/p><p>9.<\/p><h3><span style=\"color: rgba(51, 51, 51, 0.85); font-family: Nunito;\"><span style=\"font-size: 16px;\">HOUSE MADE FRIES<\/span><\/span><\/h3><p>9.<\/p><\/div><\/div>\t\t\t\t\t\t\t\t<\/div>\n\t\t\t\t<\/div>\n\t\t\t\t\t<\/div>\n\t\t<\/div>\n\t\t\t\t\t<\/div>\n\t\t<\/section>\n\t\t\t\t<section class=\"elementor-section elementor-top-section elementor-element elementor-element-0c9c31d elementor-section-boxed elementor-section-height-default elementor-section-height-default\" data-id=\"0c9c31d\" data-element_type=\"section\">\n\t\t\t\t\t\t<div class=\"elementor-container elementor-column-gap-default\">\n\t\t\t\t\t<div class=\"elementor-column elementor-col-100 elementor-top-column elementor-element elementor-element-b41bab3\" data-id=\"b41bab3\" data-element_type=\"column\">\n\t\t\t<div class=\"elementor-widget-wrap elementor-element-populated\">\n\t\t\t\t\t\t<div class=\"elementor-element elementor-element-4e256c9 elementor-widget elementor-widget-text-editor\" data-id=\"4e256c9\" data-element_type=\"widget\" data-widget_type=\"text-editor.default\">\n\t\t\t\t<div class=\"elementor-widget-container\">\n\t\t\t\t\t\t\t\t\t<p style=\"color: #333333; font-family: -apple-system, 'system-ui', 'Segoe UI', Roboto, 'Helvetica Neue', Arial, 'Noto Sans', sans-serif;\">***<\/p><div>\u00a0<\/div>\t\t\t\t\t\t\t\t<\/div>\n\t\t\t\t<\/div>\n\t\t\t\t<div class=\"elementor-element elementor-element-06e9c02 elementor-widget elementor-widget-text-editor\" data-id=\"06e9c02\" data-element_type=\"widget\" data-widget_type=\"text-editor.default\">\n\t\t\t\t<div class=\"elementor-widget-container\">\n\t\t\t\t\t\t\t\t\t<h3><b>HOLIDAYS DESSERTS!<\/b><\/h3><div><p>\u00ceLE FLOTTANTE<\/p><p class=\"p1\">Cr\u00e8me anglaise \u00e0 la vanille<br \/>oeuf \u00e0 la neige,<br \/>caramelized pecan nuts<\/p><p>14.<\/p><p>RIZ AU LAIT<\/p><p class=\"p1\">Marmelade d\u2019orange &amp; cranberries,<br \/>caramelized pecan nuts<\/p><p>13.<\/p><p>CHOCOLATE MOUSSE<\/p><p class=\"p1\">Marmelade d\u2019orange &amp; cranberries<\/p><p>9.<\/p><\/div>\t\t\t\t\t\t\t\t<\/div>\n\t\t\t\t<\/div>\n\t\t\t\t<div class=\"elementor-element elementor-element-f97498f elementor-widget elementor-widget-text-editor\" data-id=\"f97498f\" data-element_type=\"widget\" data-widget_type=\"text-editor.default\">\n\t\t\t\t<div class=\"elementor-widget-container\">\n\t\t\t\t\t\t\t\t\t<h3><em style=\"font-family: 'EB Garamond', Georgia, serif; margin-bottom: 0px; font-size: 16px;\">Do not forget to make our staff aware of any of your food allergies!<br \/><\/em><\/h3>\t\t\t\t\t\t\t\t<\/div>\n\t\t\t\t<\/div>\n\t\t\t\t\t<\/div>\n\t\t<\/div>\n\t\t\t\t\t<\/div>\n\t\t<\/section>\n\t\t\t\t<\/div>","protected":false},"excerpt":{"rendered":"<p>SUGGESTIONS FESTIVES ! \u00c0 LA CARTE PLATS DU JOUR\u200b DESSERTS AMIS VEGGIES MENUS FESTIFS LES F\u00caTES SOUS L&rsquo;AILE DU COQ ! Nos suggestions festives pour les F\u00eates ! Hors d&rsquo;\u0153uvres Abattis FOIE GRAS DE VOLAILLE &#8211; 80g Aux 12 \u00e9pices du Chef Westermann,\u00a0chutney de pommes au gingembre 19. G\u00c9SIERS CONFITS Pesto de roquette &amp; menthe, [&hellip;]<\/p>","protected":false},"author":3,"featured_media":3974,"parent":0,"menu_order":0,"comment_status":"closed","ping_status":"closed","template":"","meta":{"_acf_changed":false,"_monsterinsights_skip_tracking":false,"_monsterinsights_sitenote_active":false,"_monsterinsights_sitenote_note":"","_monsterinsights_sitenote_category":0,"footnotes":""},"class_list":["post-1960","page","type-page","status-publish","has-post-thumbnail","hentry"],"acf":[],"aioseo_notices":[],"_links":{"self":[{"href":"https:\/\/lecoq-fils.com\/en\/wp-json\/wp\/v2\/pages\/1960","targetHints":{"allow":["GET"]}}],"collection":[{"href":"https:\/\/lecoq-fils.com\/en\/wp-json\/wp\/v2\/pages"}],"about":[{"href":"https:\/\/lecoq-fils.com\/en\/wp-json\/wp\/v2\/types\/page"}],"author":[{"embeddable":true,"href":"https:\/\/lecoq-fils.com\/en\/wp-json\/wp\/v2\/users\/3"}],"replies":[{"embeddable":true,"href":"https:\/\/lecoq-fils.com\/en\/wp-json\/wp\/v2\/comments?post=1960"}],"version-history":[{"count":0,"href":"https:\/\/lecoq-fils.com\/en\/wp-json\/wp\/v2\/pages\/1960\/revisions"}],"wp:featuredmedia":[{"embeddable":true,"href":"https:\/\/lecoq-fils.com\/en\/wp-json\/wp\/v2\/media\/3974"}],"wp:attachment":[{"href":"https:\/\/lecoq-fils.com\/en\/wp-json\/wp\/v2\/media?parent=1960"}],"curies":[{"name":"wp","href":"https:\/\/api.w.org\/{rel}","templated":true}]}}