{"id":3460,"date":"2022-12-08T10:15:38","date_gmt":"2022-12-08T09:15:38","guid":{"rendered":"https:\/\/lecoq-fils.com\/?page_id=3460"},"modified":"2025-04-01T14:06:18","modified_gmt":"2025-04-01T12:06:18","slug":"menus-festifs-2","status":"publish","type":"page","link":"https:\/\/lecoq-fils.com\/en\/menus-festifs-2\/","title":{"rendered":"Truffes Addict!"},"content":{"rendered":"<div data-elementor-type=\"wp-page\" data-elementor-id=\"3460\" class=\"elementor elementor-3460\" data-elementor-post-type=\"page\">\n\t\t\t\t\t\t<section class=\"elementor-section elementor-top-section elementor-element elementor-element-78452870 elementor-section-height-min-height hero-section elementor-section-boxed elementor-section-height-default elementor-section-items-middle\" data-id=\"78452870\" data-element_type=\"section\" data-settings=\"{&quot;background_background&quot;:&quot;classic&quot;}\">\n\t\t\t\t\t\t\t<div class=\"elementor-background-overlay\"><\/div>\n\t\t\t\t\t\t\t<div class=\"elementor-container elementor-column-gap-default\">\n\t\t\t\t\t<div class=\"elementor-column elementor-col-100 elementor-top-column elementor-element elementor-element-32728f76\" data-id=\"32728f76\" data-element_type=\"column\">\n\t\t\t<div class=\"elementor-widget-wrap elementor-element-populated\">\n\t\t\t\t\t\t<div class=\"elementor-element elementor-element-0476d0b elementor-widget elementor-widget-heading\" data-id=\"0476d0b\" data-element_type=\"widget\" data-widget_type=\"heading.default\">\n\t\t\t\t<div class=\"elementor-widget-container\">\n\t\t\t\t\t<h2 class=\"elementor-heading-title elementor-size-default\">CARTE DES VINS<\/h2>\t\t\t\t<\/div>\n\t\t\t\t<\/div>\n\t\t\t\t\t<\/div>\n\t\t<\/div>\n\t\t\t\t\t<\/div>\n\t\t<\/section>\n\t\t\t\t<section class=\"elementor-section elementor-top-section elementor-element elementor-element-cea40ed elementor-section-boxed elementor-section-height-default elementor-section-height-default\" data-id=\"cea40ed\" data-element_type=\"section\">\n\t\t\t\t\t\t<div class=\"elementor-container elementor-column-gap-default\">\n\t\t\t\t\t<div class=\"elementor-column elementor-col-20 elementor-top-column elementor-element elementor-element-8ec72b7\" data-id=\"8ec72b7\" data-element_type=\"column\">\n\t\t\t<div class=\"elementor-widget-wrap elementor-element-populated\">\n\t\t\t\t\t\t<div class=\"elementor-element elementor-element-142147d elementor-align-center elementor-widget elementor-widget-button\" data-id=\"142147d\" data-element_type=\"widget\" data-widget_type=\"button.default\">\n\t\t\t\t<div class=\"elementor-widget-container\">\n\t\t\t\t\t\t\t\t\t<div class=\"elementor-button-wrapper\">\n\t\t\t\t\t<a class=\"elementor-button elementor-button-link elementor-size-md\" href=\"https:\/\/lecoq-fils.com\/en\/a-la-carte\/\">\n\t\t\t\t\t\t<span class=\"elementor-button-content-wrapper\">\n\t\t\t\t\t\t\t\t\t<span class=\"elementor-button-text\">ON THE MENU<\/span>\n\t\t\t\t\t<\/span>\n\t\t\t\t\t<\/a>\n\t\t\t\t<\/div>\n\t\t\t\t\t\t\t\t<\/div>\n\t\t\t\t<\/div>\n\t\t\t\t\t<\/div>\n\t\t<\/div>\n\t\t\t\t<div class=\"elementor-column elementor-col-20 elementor-top-column elementor-element elementor-element-fafc919\" data-id=\"fafc919\" data-element_type=\"column\">\n\t\t\t<div class=\"elementor-widget-wrap elementor-element-populated\">\n\t\t\t\t\t\t<div class=\"elementor-element elementor-element-babd8de elementor-align-center elementor-widget elementor-widget-button\" data-id=\"babd8de\" data-element_type=\"widget\" data-widget_type=\"button.default\">\n\t\t\t\t<div class=\"elementor-widget-container\">\n\t\t\t\t\t\t\t\t\t<div class=\"elementor-button-wrapper\">\n\t\t\t\t\t<a class=\"elementor-button elementor-button-link elementor-size-md\" href=\"https:\/\/lecoq-fils.com\/en\/plats-du-jour\/\">\n\t\t\t\t\t\t<span class=\"elementor-button-content-wrapper\">\n\t\t\t\t\t\t\t\t\t<span class=\"elementor-button-text\">DISH OF THE DAY<\/span>\n\t\t\t\t\t<\/span>\n\t\t\t\t\t<\/a>\n\t\t\t\t<\/div>\n\t\t\t\t\t\t\t\t<\/div>\n\t\t\t\t<\/div>\n\t\t\t\t\t<\/div>\n\t\t<\/div>\n\t\t\t\t<div class=\"elementor-column elementor-col-20 elementor-top-column elementor-element elementor-element-b88dc39\" data-id=\"b88dc39\" data-element_type=\"column\">\n\t\t\t<div class=\"elementor-widget-wrap elementor-element-populated\">\n\t\t\t\t\t\t<div class=\"elementor-element elementor-element-c64cced elementor-align-center elementor-widget elementor-widget-button\" data-id=\"c64cced\" data-element_type=\"widget\" data-widget_type=\"button.default\">\n\t\t\t\t<div class=\"elementor-widget-container\">\n\t\t\t\t\t\t\t\t\t<div class=\"elementor-button-wrapper\">\n\t\t\t\t\t<a class=\"elementor-button elementor-button-link elementor-size-md\" href=\"https:\/\/lecoq-fils.com\/en\/desserts\/\">\n\t\t\t\t\t\t<span class=\"elementor-button-content-wrapper\">\n\t\t\t\t\t\t\t\t\t<span class=\"elementor-button-text\">DESSERTS<\/span>\n\t\t\t\t\t<\/span>\n\t\t\t\t\t<\/a>\n\t\t\t\t<\/div>\n\t\t\t\t\t\t\t\t<\/div>\n\t\t\t\t<\/div>\n\t\t\t\t\t<\/div>\n\t\t<\/div>\n\t\t\t\t<div class=\"elementor-column elementor-col-20 elementor-top-column elementor-element elementor-element-afd29f3\" data-id=\"afd29f3\" data-element_type=\"column\">\n\t\t\t<div class=\"elementor-widget-wrap elementor-element-populated\">\n\t\t\t\t\t\t<div class=\"elementor-element elementor-element-85c70ca elementor-align-center elementor-widget elementor-widget-button\" data-id=\"85c70ca\" data-element_type=\"widget\" data-widget_type=\"button.default\">\n\t\t\t\t<div class=\"elementor-widget-container\">\n\t\t\t\t\t\t\t\t\t<div class=\"elementor-button-wrapper\">\n\t\t\t\t\t<a class=\"elementor-button elementor-button-link elementor-size-md\" href=\"https:\/\/lecoq-fils.com\/en\/lami-e-vegetarien-ne\/\">\n\t\t\t\t\t\t<span class=\"elementor-button-content-wrapper\">\n\t\t\t\t\t\t\t\t\t<span class=\"elementor-button-text\">VEGGIE FRIENDLY<\/span>\n\t\t\t\t\t<\/span>\n\t\t\t\t\t<\/a>\n\t\t\t\t<\/div>\n\t\t\t\t\t\t\t\t<\/div>\n\t\t\t\t<\/div>\n\t\t\t\t\t<\/div>\n\t\t<\/div>\n\t\t\t\t<div class=\"elementor-column elementor-col-20 elementor-top-column elementor-element elementor-element-9179efd\" data-id=\"9179efd\" data-element_type=\"column\">\n\t\t\t<div class=\"elementor-widget-wrap elementor-element-populated\">\n\t\t\t\t\t\t<div class=\"elementor-element elementor-element-be791b6 elementor-align-center elementor-widget elementor-widget-button\" data-id=\"be791b6\" data-element_type=\"widget\" data-widget_type=\"button.default\">\n\t\t\t\t<div class=\"elementor-widget-container\">\n\t\t\t\t\t\t\t\t\t<div class=\"elementor-button-wrapper\">\n\t\t\t\t\t<a class=\"elementor-button elementor-button-link elementor-size-md\" href=\"https:\/\/lecoq-fils.com\/en\/menus-festifs\/\">\n\t\t\t\t\t\t<span class=\"elementor-button-content-wrapper\">\n\t\t\t\t\t\t\t\t\t<span class=\"elementor-button-text\">FESTIVE MENU'S<\/span>\n\t\t\t\t\t<\/span>\n\t\t\t\t\t<\/a>\n\t\t\t\t<\/div>\n\t\t\t\t\t\t\t\t<\/div>\n\t\t\t\t<\/div>\n\t\t\t\t\t<\/div>\n\t\t<\/div>\n\t\t\t\t\t<\/div>\n\t\t<\/section>\n\t\t\t\t<section class=\"elementor-section elementor-top-section elementor-element elementor-element-2a8fbeb elementor-section-boxed elementor-section-height-default elementor-section-height-default\" data-id=\"2a8fbeb\" data-element_type=\"section\">\n\t\t\t\t\t\t<div class=\"elementor-container elementor-column-gap-default\">\n\t\t\t\t\t<div class=\"elementor-column elementor-col-100 elementor-top-column elementor-element elementor-element-ed08a8e\" data-id=\"ed08a8e\" data-element_type=\"column\">\n\t\t\t<div class=\"elementor-widget-wrap elementor-element-populated\">\n\t\t\t\t\t\t<div class=\"elementor-element elementor-element-dcd6d43 elementor-widget-divider--view-line elementor-widget elementor-widget-divider\" data-id=\"dcd6d43\" data-element_type=\"widget\" data-widget_type=\"divider.default\">\n\t\t\t\t<div class=\"elementor-widget-container\">\n\t\t\t\t\t\t\t<div class=\"elementor-divider\">\n\t\t\t<span class=\"elementor-divider-separator\">\n\t\t\t\t\t\t<\/span>\n\t\t<\/div>\n\t\t\t\t\t\t<\/div>\n\t\t\t\t<\/div>\n\t\t\t\t\t<\/div>\n\t\t<\/div>\n\t\t\t\t\t<\/div>\n\t\t<\/section>\n\t\t\t\t<section class=\"elementor-section elementor-top-section elementor-element elementor-element-4f0af07 elementor-section-boxed elementor-section-height-default elementor-section-height-default\" data-id=\"4f0af07\" data-element_type=\"section\">\n\t\t\t\t\t\t<div class=\"elementor-container elementor-column-gap-default\">\n\t\t\t\t\t<div class=\"elementor-column elementor-col-100 elementor-top-column elementor-element elementor-element-68b555e\" data-id=\"68b555e\" data-element_type=\"column\">\n\t\t\t<div class=\"elementor-widget-wrap elementor-element-populated\">\n\t\t\t\t\t\t<div class=\"elementor-element elementor-element-8bc846b elementor-widget elementor-widget-text-editor\" data-id=\"8bc846b\" data-element_type=\"widget\" data-widget_type=\"text-editor.default\">\n\t\t\t\t<div class=\"elementor-widget-container\">\n\t\t\t\t\t\t\t\t\t<h3 class=\"lcr-header\" style=\"font-size: 25px;\"><strong>SUGGESTIONS FULL OF SURPRISES...<\/strong><\/h3>\t\t\t\t\t\t\t\t<\/div>\n\t\t\t\t<\/div>\n\t\t\t\t\t<\/div>\n\t\t<\/div>\n\t\t\t\t\t<\/div>\n\t\t<\/section>\n\t\t\t\t<section class=\"elementor-section elementor-top-section elementor-element elementor-element-0bc000b elementor-section-boxed elementor-section-height-default elementor-section-height-default\" data-id=\"0bc000b\" data-element_type=\"section\">\n\t\t\t\t\t\t<div class=\"elementor-container elementor-column-gap-default\">\n\t\t\t\t\t<div class=\"elementor-column elementor-col-100 elementor-top-column elementor-element elementor-element-490fa87\" data-id=\"490fa87\" data-element_type=\"column\">\n\t\t\t<div class=\"elementor-widget-wrap elementor-element-populated\">\n\t\t\t\t\t\t<div class=\"elementor-element elementor-element-89811d6 elementor-widget elementor-widget-text-editor\" data-id=\"89811d6\" data-element_type=\"widget\" data-widget_type=\"text-editor.default\">\n\t\t\t\t<div class=\"elementor-widget-container\">\n\t\t\t\t\t\t\t\t\t<h4 class=\"title-menu-mobile\"><em>The fresh truffle is personally selected every weekend by the chef<\/em><br \/><em>Antoine Westermann at the market in Richeranches, Vaucluse.<\/em><\/h4>\t\t\t\t\t\t\t\t<\/div>\n\t\t\t\t<\/div>\n\t\t\t\t<div class=\"elementor-element elementor-element-7fea54d elementor-widget elementor-widget-text-editor\" data-id=\"7fea54d\" data-element_type=\"widget\" data-widget_type=\"text-editor.default\">\n\t\t\t\t<div class=\"elementor-widget-container\">\n\t\t\t\t\t\t\t\t\t<h3><b>Truffled Hors d\u2019\u0153uvre<\/b><\/h3><p style=\"margin-bottom: 1.6rem; color: rgba(51, 51, 51, 0.85); font-family: Nunito;\">TRUFFLE &amp; NOIRMOUTIER POTATOES<br \/>jacked potatoes, black truffle (5gr), shallots &amp; truffle<br \/>oil vinegar<\/p><p style=\"margin-bottom: 1.6rem; color: rgba(51, 51, 51, 0.85); font-family: Nunito;\"><span style=\"color: #333333; font-family: -apple-system, BlinkMacSystemFont, 'Segoe UI', Roboto, 'Helvetica Neue', Arial, 'Noto Sans', sans-serif;\">19.<\/span><\/p><h3 style=\"margin-top: 0px; font-size: 1.5rem; margin-bottom: 1.375rem; line-height: 1.1; font-family: 'EB Garamond', Georgia, serif;\"><span style=\"color: rgba(51, 51, 51, 0.85); font-family: Nunito; font-size: 16px;\">***<\/span><\/h3><h3><span style=\"color: rgba(51, 51, 51, 0.85); font-family: Nunito; font-size: 16px;\">DEVILED EGG<\/span><\/h3><h6 style=\"margin-bottom: 1.6rem; color: rgba(51, 51, 51, 0.85); font-family: Nunito;\">with fresh truffle<\/h6><p>19.<\/p><h3 style=\"margin-top: 0px; font-size: 1.5rem; margin-bottom: 1.375rem; line-height: 1.1; font-family: 'EB Garamond', Georgia, serif;\"><span style=\"color: rgba(51, 51, 51, 0.85); font-family: Nunito; font-size: 16px;\">***<\/span><\/h3><h3 style=\"margin-top: 0px; font-size: 1.5rem; margin-bottom: 1.375rem; line-height: 1.1; font-family: 'EB Garamond', Georgia, serif;\">\u00a0<\/h3><div><h3><b>La Rap\u00e9e<\/b><\/h3><\/div><h3><span style=\"color: rgba(51, 51, 51, 0.85); font-family: Nunito; font-size: 16px;\">GRATED FRESH BLACK TRUFFLE<\/span><\/h3><h6><span style=\"color: rgba(51, 51, 51, 0.85); font-family: Nunito;\">fresh black from Vaucluse (3gr)<\/span><\/h6><div><h6 style=\"margin-bottom: 1.6rem; font-family: Nunito; color: rgba(51, 51, 51, 0.85);\">13.<\/h6><h3><b>Les garnitures truff\u00e9es<\/b><\/h3><h3><span style=\"color: rgba(51, 51, 51, 0.85); font-family: Nunito; font-size: 16px;\">MAC &amp; CHEESE\u00a0<\/span><\/h3><h6><span style=\"color: rgba(51, 51, 51, 0.85); font-family: Nunito;\">with fresh truffle<\/span><\/h6><div><h6 style=\"margin-bottom: 1.6rem; font-family: Nunito; color: rgba(51, 51, 51, 0.85);\">19.<\/h6><\/div><p>***<\/p><h3><span style=\"color: rgba(51, 51, 51, 0.85); font-family: Nunito; font-size: 16px;\">PUR\u00c9E A LA TRUFFE FRA\u00ceCHE\u00a0<\/span><\/h3><h6><span style=\"color: rgba(51, 51, 51, 0.85); font-family: Nunito;\">with poultry broth, butter\n&amp; ground nutmeg<\/span><\/h6><div><h6 style=\"margin-bottom: 1.6rem; font-family: Nunito; color: rgba(51, 51, 51, 0.85);\">15.<\/h6><\/div><p>***<\/p><h6>Do not forget to make our staff aware<br \/>of any of your food allergies !<\/h6><\/div>\t\t\t\t\t\t\t\t<\/div>\n\t\t\t\t<\/div>\n\t\t\t\t\t<\/div>\n\t\t<\/div>\n\t\t\t\t\t<\/div>\n\t\t<\/section>\n\t\t\t\t<section class=\"elementor-section elementor-top-section elementor-element elementor-element-0c9c31d elementor-section-boxed elementor-section-height-default elementor-section-height-default\" data-id=\"0c9c31d\" data-element_type=\"section\">\n\t\t\t\t\t\t<div class=\"elementor-container elementor-column-gap-default\">\n\t\t\t\t\t<div class=\"elementor-column elementor-col-100 elementor-top-column elementor-element elementor-element-b41bab3\" data-id=\"b41bab3\" data-element_type=\"column\">\n\t\t\t<div class=\"elementor-widget-wrap elementor-element-populated\">\n\t\t\t\t\t\t<div class=\"elementor-element elementor-element-4e256c9 elementor-widget elementor-widget-text-editor\" data-id=\"4e256c9\" data-element_type=\"widget\" data-widget_type=\"text-editor.default\">\n\t\t\t\t<div class=\"elementor-widget-container\">\n\t\t\t\t\t\t\t\t\t<p style=\"color: #333333; font-family: -apple-system, 'system-ui', 'Segoe UI', Roboto, 'Helvetica Neue', Arial, 'Noto Sans', sans-serif;\">***<\/p><div>\u00a0<\/div>\t\t\t\t\t\t\t\t<\/div>\n\t\t\t\t<\/div>\n\t\t\t\t<div class=\"elementor-element elementor-element-06e9c02 elementor-widget elementor-widget-text-editor\" data-id=\"06e9c02\" data-element_type=\"widget\" data-widget_type=\"text-editor.default\">\n\t\t\t\t<div class=\"elementor-widget-container\">\n\t\t\t\t\t\t\t\t\t<h3><b>SWEET BEAKS<\/b><\/h3><div><h3><span style=\"color: #050015; font-family: Nunito;\"><span style=\"font-size: 16px;\">VACHERIN GLAC\u00c9<\/span><\/span><\/h3><p><span style=\"color: #050015; font-family: Nunito;\"><span style=\"font-size: 16px;\">Blood orange sorbet, chestnuts ice cream, candied chestnuts, orange marmelade\u00a0<\/span><\/span><span style=\"color: #050015; font-family: Nunito;\"><span style=\"font-size: 16px;\"><br \/><\/span><\/span><span style=\"color: #050015; font-family: Nunito;\"><span style=\"font-size: 16px;\">toasted almonds<\/span><\/span><br \/><span style=\"color: #050015; font-family: Nunito;\"><span style=\"font-size: 16px;\">14.<\/span><\/span><\/p><\/div>\t\t\t\t\t\t\t\t<\/div>\n\t\t\t\t<\/div>\n\t\t\t\t<div class=\"elementor-element elementor-element-f97498f elementor-widget elementor-widget-text-editor\" data-id=\"f97498f\" data-element_type=\"widget\" data-widget_type=\"text-editor.default\">\n\t\t\t\t<div class=\"elementor-widget-container\">\n\t\t\t\t\t\t\t\t\t<h3><em style=\"font-family: 'EB Garamond', Georgia, serif; margin-bottom: 0px; font-size: 16px;\">Do not forget to make our staff aware of any of your food allergies!<br \/><\/em><\/h3>\t\t\t\t\t\t\t\t<\/div>\n\t\t\t\t<\/div>\n\t\t\t\t\t<\/div>\n\t\t<\/div>\n\t\t\t\t\t<\/div>\n\t\t<\/section>\n\t\t\t\t<\/div>","protected":false},"excerpt":{"rendered":"<p>CARTE DES VINS \u00c0 LA CARTE PLATS DU JOUR\u200b DESSERTS AMIS VEGGIES MENUS FESTIFS DES SUGGESTIONS TRUFF\u00c9ES DE SURPRISES&#8230; La truffe fra\u00eeche est s\u00e9lectionn\u00e9e chaque week-end personnellement par le chefAntoine Westermann au march\u00e9 de Richeranches, Vaucluse. Hors d&rsquo;\u0153uvres truff\u00e9s TRUFFE &amp; POMMES DE TERRE DE NOIRMOUTIERen robe des champs, truffe noire (5gr), \u00e9chalotes &amp; vinaigrette\u00e0 [&hellip;]<\/p>","protected":false},"author":5,"featured_media":3470,"parent":0,"menu_order":0,"comment_status":"closed","ping_status":"closed","template":"","meta":{"_acf_changed":false,"_monsterinsights_skip_tracking":false,"_monsterinsights_sitenote_active":false,"_monsterinsights_sitenote_note":"","_monsterinsights_sitenote_category":0,"footnotes":""},"class_list":["post-3460","page","type-page","status-publish","has-post-thumbnail","hentry"],"acf":[],"aioseo_notices":[],"_links":{"self":[{"href":"https:\/\/lecoq-fils.com\/en\/wp-json\/wp\/v2\/pages\/3460","targetHints":{"allow":["GET"]}}],"collection":[{"href":"https:\/\/lecoq-fils.com\/en\/wp-json\/wp\/v2\/pages"}],"about":[{"href":"https:\/\/lecoq-fils.com\/en\/wp-json\/wp\/v2\/types\/page"}],"author":[{"embeddable":true,"href":"https:\/\/lecoq-fils.com\/en\/wp-json\/wp\/v2\/users\/5"}],"replies":[{"embeddable":true,"href":"https:\/\/lecoq-fils.com\/en\/wp-json\/wp\/v2\/comments?post=3460"}],"version-history":[{"count":0,"href":"https:\/\/lecoq-fils.com\/en\/wp-json\/wp\/v2\/pages\/3460\/revisions"}],"wp:featuredmedia":[{"embeddable":true,"href":"https:\/\/lecoq-fils.com\/en\/wp-json\/wp\/v2\/media\/3470"}],"wp:attachment":[{"href":"https:\/\/lecoq-fils.com\/en\/wp-json\/wp\/v2\/media?parent=3460"}],"curies":[{"name":"wp","href":"https:\/\/api.w.org\/{rel}","templated":true}]}}