{"id":553,"date":"2021-09-27T22:52:25","date_gmt":"2021-09-27T20:52:25","guid":{"rendered":"https:\/\/lecoq-fils.com\/?page_id=553"},"modified":"2026-03-04T11:24:46","modified_gmt":"2026-03-04T10:24:46","slug":"a-la-carte","status":"publish","type":"page","link":"https:\/\/lecoq-fils.com\/en\/a-la-carte\/","title":{"rendered":"Diner"},"content":{"rendered":"<div data-elementor-type=\"wp-page\" data-elementor-id=\"553\" class=\"elementor elementor-553\" data-elementor-post-type=\"page\">\n\t\t\t\t\t\t<section class=\"elementor-section elementor-top-section elementor-element elementor-element-78452870 elementor-section-height-min-height hero-section elementor-section-boxed elementor-section-height-default elementor-section-items-middle\" data-id=\"78452870\" data-element_type=\"section\" data-settings=\"{&quot;background_background&quot;:&quot;classic&quot;}\">\n\t\t\t\t\t\t<div class=\"elementor-container elementor-column-gap-default\">\n\t\t\t\t\t<div class=\"elementor-column elementor-col-100 elementor-top-column elementor-element elementor-element-32728f76\" data-id=\"32728f76\" data-element_type=\"column\">\n\t\t\t<div class=\"elementor-widget-wrap elementor-element-populated\">\n\t\t\t\t\t\t<div class=\"elementor-element elementor-element-0476d0b elementor-widget elementor-widget-heading\" data-id=\"0476d0b\" data-element_type=\"widget\" data-widget_type=\"heading.default\">\n\t\t\t\t<div class=\"elementor-widget-container\">\n\t\t\t\t\t<h2 class=\"elementor-heading-title elementor-size-default\">ON THE MENU<\/h2>\t\t\t\t<\/div>\n\t\t\t\t<\/div>\n\t\t\t\t\t<\/div>\n\t\t<\/div>\n\t\t\t\t\t<\/div>\n\t\t<\/section>\n\t\t\t\t<section class=\"elementor-section elementor-top-section elementor-element elementor-element-93ea71f elementor-section-boxed elementor-section-height-default elementor-section-height-default\" data-id=\"93ea71f\" data-element_type=\"section\">\n\t\t\t\t\t\t<div class=\"elementor-container elementor-column-gap-default\">\n\t\t\t\t\t<div class=\"elementor-column elementor-col-25 elementor-top-column elementor-element elementor-element-2bedd4b\" data-id=\"2bedd4b\" data-element_type=\"column\">\n\t\t\t<div class=\"elementor-widget-wrap elementor-element-populated\">\n\t\t\t\t\t\t<div class=\"elementor-element elementor-element-6059a7b elementor-align-center elementor-widget elementor-widget-button\" data-id=\"6059a7b\" data-element_type=\"widget\" data-widget_type=\"button.default\">\n\t\t\t\t<div class=\"elementor-widget-container\">\n\t\t\t\t\t\t\t\t\t<div class=\"elementor-button-wrapper\">\n\t\t\t\t\t<a class=\"elementor-button elementor-size-md\" role=\"button\">\n\t\t\t\t\t\t<span class=\"elementor-button-content-wrapper\">\n\t\t\t\t\t\t\t\t\t<span class=\"elementor-button-text\">ON THE MENU<\/span>\n\t\t\t\t\t<\/span>\n\t\t\t\t\t<\/a>\n\t\t\t\t<\/div>\n\t\t\t\t\t\t\t\t<\/div>\n\t\t\t\t<\/div>\n\t\t\t\t\t<\/div>\n\t\t<\/div>\n\t\t\t\t<div class=\"elementor-column elementor-col-25 elementor-top-column elementor-element elementor-element-d615953\" data-id=\"d615953\" data-element_type=\"column\">\n\t\t\t<div class=\"elementor-widget-wrap elementor-element-populated\">\n\t\t\t\t\t\t<div class=\"elementor-element elementor-element-a0d0602 elementor-align-center elementor-widget elementor-widget-button\" data-id=\"a0d0602\" data-element_type=\"widget\" data-widget_type=\"button.default\">\n\t\t\t\t<div class=\"elementor-widget-container\">\n\t\t\t\t\t\t\t\t\t<div class=\"elementor-button-wrapper\">\n\t\t\t\t\t<a class=\"elementor-button elementor-button-link elementor-size-md\" href=\"https:\/\/lecoq-fils.com\/en\/plats-du-jour\/\">\n\t\t\t\t\t\t<span class=\"elementor-button-content-wrapper\">\n\t\t\t\t\t\t\t\t\t<span class=\"elementor-button-text\">DISH OF THE DAY<\/span>\n\t\t\t\t\t<\/span>\n\t\t\t\t\t<\/a>\n\t\t\t\t<\/div>\n\t\t\t\t\t\t\t\t<\/div>\n\t\t\t\t<\/div>\n\t\t\t\t\t<\/div>\n\t\t<\/div>\n\t\t\t\t<div class=\"elementor-column elementor-col-25 elementor-top-column elementor-element elementor-element-e8491f3\" data-id=\"e8491f3\" data-element_type=\"column\">\n\t\t\t<div class=\"elementor-widget-wrap elementor-element-populated\">\n\t\t\t\t\t\t<div class=\"elementor-element elementor-element-b1acb9f elementor-align-center elementor-widget elementor-widget-button\" data-id=\"b1acb9f\" data-element_type=\"widget\" data-widget_type=\"button.default\">\n\t\t\t\t<div class=\"elementor-widget-container\">\n\t\t\t\t\t\t\t\t\t<div class=\"elementor-button-wrapper\">\n\t\t\t\t\t<a class=\"elementor-button elementor-button-link elementor-size-md\" href=\"https:\/\/lecoq-fils.com\/en\/desserts\/\">\n\t\t\t\t\t\t<span class=\"elementor-button-content-wrapper\">\n\t\t\t\t\t\t\t\t\t<span class=\"elementor-button-text\">DESSERTS<\/span>\n\t\t\t\t\t<\/span>\n\t\t\t\t\t<\/a>\n\t\t\t\t<\/div>\n\t\t\t\t\t\t\t\t<\/div>\n\t\t\t\t<\/div>\n\t\t\t\t\t<\/div>\n\t\t<\/div>\n\t\t\t\t<div class=\"elementor-column elementor-col-25 elementor-top-column elementor-element elementor-element-0f076aa\" data-id=\"0f076aa\" data-element_type=\"column\">\n\t\t\t<div class=\"elementor-widget-wrap elementor-element-populated\">\n\t\t\t\t\t\t<div class=\"elementor-element elementor-element-31ee611 elementor-align-center elementor-widget elementor-widget-button\" data-id=\"31ee611\" data-element_type=\"widget\" data-widget_type=\"button.default\">\n\t\t\t\t<div class=\"elementor-widget-container\">\n\t\t\t\t\t\t\t\t\t<div class=\"elementor-button-wrapper\">\n\t\t\t\t\t<a class=\"elementor-button elementor-button-link elementor-size-md\" href=\"https:\/\/lecoq-fils.com\/en\/lami-e-vegetarien-ne\/\">\n\t\t\t\t\t\t<span class=\"elementor-button-content-wrapper\">\n\t\t\t\t\t\t\t\t\t<span class=\"elementor-button-text\">VEGGIE FRIENDLY<\/span>\n\t\t\t\t\t<\/span>\n\t\t\t\t\t<\/a>\n\t\t\t\t<\/div>\n\t\t\t\t\t\t\t\t<\/div>\n\t\t\t\t<\/div>\n\t\t\t\t\t<\/div>\n\t\t<\/div>\n\t\t\t\t\t<\/div>\n\t\t<\/section>\n\t\t\t\t<section class=\"elementor-section elementor-top-section elementor-element elementor-element-2a8fbeb elementor-section-boxed elementor-section-height-default elementor-section-height-default\" data-id=\"2a8fbeb\" data-element_type=\"section\">\n\t\t\t\t\t\t<div class=\"elementor-container elementor-column-gap-default\">\n\t\t\t\t\t<div class=\"elementor-column elementor-col-100 elementor-top-column elementor-element elementor-element-ed08a8e\" data-id=\"ed08a8e\" data-element_type=\"column\">\n\t\t\t<div class=\"elementor-widget-wrap elementor-element-populated\">\n\t\t\t\t\t\t<div class=\"elementor-element elementor-element-dcd6d43 elementor-widget-divider--view-line elementor-widget elementor-widget-divider\" data-id=\"dcd6d43\" data-element_type=\"widget\" data-widget_type=\"divider.default\">\n\t\t\t\t<div class=\"elementor-widget-container\">\n\t\t\t\t\t\t\t<div class=\"elementor-divider\">\n\t\t\t<span class=\"elementor-divider-separator\">\n\t\t\t\t\t\t<\/span>\n\t\t<\/div>\n\t\t\t\t\t\t<\/div>\n\t\t\t\t<\/div>\n\t\t\t\t\t<\/div>\n\t\t<\/div>\n\t\t\t\t\t<\/div>\n\t\t<\/section>\n\t\t\t\t<section class=\"elementor-section elementor-top-section elementor-element elementor-element-4f0af07 elementor-section-boxed elementor-section-height-default elementor-section-height-default\" data-id=\"4f0af07\" data-element_type=\"section\">\n\t\t\t\t\t\t<div class=\"elementor-container elementor-column-gap-default\">\n\t\t\t\t\t<div class=\"elementor-column elementor-col-100 elementor-top-column elementor-element elementor-element-68b555e\" data-id=\"68b555e\" data-element_type=\"column\">\n\t\t\t<div class=\"elementor-widget-wrap elementor-element-populated\">\n\t\t\t\t\t\t<div class=\"elementor-element elementor-element-c22475c elementor-widget elementor-widget-text-editor\" data-id=\"c22475c\" data-element_type=\"widget\" data-widget_type=\"text-editor.default\">\n\t\t\t\t<div class=\"elementor-widget-container\">\n\t\t\t\t\t\t\t\t\t<h3 class=\"lcr-header\"><strong>Come and have a look at our new Menu!<\/strong><\/h3><p class=\"lcr-header\"><em> Levain bread from Baker Poujauran,<br \/>Sourdough bread, sandwich bread, brioche &amp; buns<\/em><\/p>\t\t\t\t\t\t\t\t<\/div>\n\t\t\t\t<\/div>\n\t\t\t\t<div class=\"elementor-element elementor-element-8bc846b clickpopup elementor-widget elementor-widget-text-editor\" data-id=\"8bc846b\" data-element_type=\"widget\" data-widget_type=\"text-editor.default\">\n\t\t\t\t<div class=\"elementor-widget-container\">\n\t\t\t\t\t\t\t\t\t<h3 class=\"lcr-header\"><strong>OUR HORS D\u2019OEUVRES<\/strong><\/h3><p class=\"lcr-header\"><em>To peck all by yourself or share!<\/em><\/p>\t\t\t\t\t\t\t\t<\/div>\n\t\t\t\t<\/div>\n\t\t\t\t<div class=\"elementor-element elementor-element-6a84cbb elementor-widget elementor-widget-text-editor\" data-id=\"6a84cbb\" data-element_type=\"widget\" data-widget_type=\"text-editor.default\">\n\t\t\t\t<div class=\"elementor-widget-container\">\n\t\t\t\t\t\t\t\t\t<p><span style=\"color: #5d83a4;\"><strong>OUR FARMERS GIBLETS<\/strong><\/span><\/p><div title=\"Page 1\"><div><div><p>GIZZARDS CONFITS<br \/>Arugula, mint, almonds Pesto,<br \/>toasted almonds<br \/>10.<\/p><\/div><\/div><\/div><p>POULTRY &amp; BLOND LIVERS TERRINE<br \/>Cilantro Chimichurri, orange zest, coriander,\nmint &amp; parsley<br \/>12.<span style=\"font-weight: 400;\"><br \/><\/span><\/p><p><span style=\"font-weight: 400;\">GIBLETS EMPANADAS - 3 pieces<br \/><\/span><span style=\"font-weight: 400;\">Giblets herbs &amp; lemon confit, Chic\u2019up poultry jus seasoning<br \/><\/span>11.<\/p>\t\t\t\t\t\t\t\t<\/div>\n\t\t\t\t<\/div>\n\t\t\t\t<div class=\"elementor-element elementor-element-8547e83 elementor-widget elementor-widget-text-editor\" data-id=\"8547e83\" data-element_type=\"widget\" data-widget_type=\"text-editor.default\">\n\t\t\t\t<div class=\"elementor-widget-container\">\n\t\t\t\t\t\t\t\t\t<p><span style=\"color: #5d83a4;\"><strong>VEGGIE'S<\/strong><\/span><\/p><div title=\"Page 1\"><p>SEMI-COOKED SEASONAL VEGGIES<br \/>Lemon zest vinaigrette, fresh goat cheese<br \/>11.<\/p><p>ARTICHOKE HEARTS HUMMUS<br \/>Parmesan cheese Crumble &amp; olive oil<br \/>10.<\/p><\/div>\t\t\t\t\t\t\t\t<\/div>\n\t\t\t\t<\/div>\n\t\t\t\t<div class=\"elementor-element elementor-element-c06bbcf elementor-widget elementor-widget-text-editor\" data-id=\"c06bbcf\" data-element_type=\"widget\" data-widget_type=\"text-editor.default\">\n\t\t\t\t<div class=\"elementor-widget-container\">\n\t\t\t\t\t\t\t\t\t<p><span style=\"color: #5d83a4;\"><strong>SOUP IN A JAR!<br \/><\/strong><em>To sip all by yourself or share!<\/em><strong><br \/><\/strong><\/span><\/p><div class=\"page\" title=\"Page 1\"><div class=\"layoutArea\"><div class=\"column\"><p>POULTRY CREAM<br \/>Duxelle de champignons, <br \/>croutons &amp; chives <br \/>12.<\/p><\/div><\/div><\/div>\t\t\t\t\t\t\t\t<\/div>\n\t\t\t\t<\/div>\n\t\t\t\t<div class=\"elementor-element elementor-element-c6a7419 elementor-widget elementor-widget-text-editor\" data-id=\"c6a7419\" data-element_type=\"widget\" data-widget_type=\"text-editor.default\">\n\t\t\t\t<div class=\"elementor-widget-container\">\n\t\t\t\t\t\t\t\t\t<h3 id=\"oeufs\"><strong>EGG\u2019Z<\/strong><\/h3><h3 style=\"margin-top: 0px; font-size: 1.5rem; margin-bottom: 1.375rem; line-height: 1.1; font-family: 'EB Garamond', Georgia, serif;\"><em style=\"margin-bottom: 0px; font-size: 16px;\">Organic eggs from free-range hens<\/em><\/h3>\t\t\t\t\t\t\t\t<\/div>\n\t\t\t\t<\/div>\n\t\t\t\t<div class=\"elementor-element elementor-element-c8490a0 elementor-widget elementor-widget-text-editor\" data-id=\"c8490a0\" data-element_type=\"widget\" data-widget_type=\"text-editor.default\">\n\t\t\t\t<div class=\"elementor-widget-container\">\n\t\t\t\t\t\t\t\t\t<div title=\"Page 1\"><div title=\"Page 1\"><p>EGG MAYONNAISE\u00a0<\/p><\/div><p class=\"p1\"><span class=\"Apple-converted-space\" style=\"font-family: -apple-system, BlinkMacSystemFont, 'Segoe UI', Roboto, 'Helvetica Neue', Arial, 'Noto Sans', sans-serif, 'Apple Color Emoji', 'Segoe UI Emoji', 'Segoe UI Symbol', 'Noto Color Emoji';\">Organic egg mayonnaise,<br \/>Chic\u2019up poultry jus seasoning,<br \/>croutons<br \/><\/span>10.<\/p><p>POACHED EGG<br \/>Hollandaise sauce with fresh coriander <br \/>&amp; mashed peanuts<\/p><p>12.<\/p><\/div>\t\t\t\t\t\t\t\t<\/div>\n\t\t\t\t<\/div>\n\t\t\t\t<div class=\"elementor-element elementor-element-55a2969 elementor-widget elementor-widget-text-editor\" data-id=\"55a2969\" data-element_type=\"widget\" data-widget_type=\"text-editor.default\">\n\t\t\t\t<div class=\"elementor-widget-container\">\n\t\t\t\t\t\t\t\t\t<h3 id=\"oeufs\"><strong>LA GALETTE DES ROIS 100% VOLAILLE !<\/strong><\/h3><h3 style=\"margin-top: 0px; font-size: 1.5rem; margin-bottom: 1.375rem; line-height: 1.1; font-family: 'EB Garamond', Georgia, serif;\"><em style=\"margin-bottom: 0px; font-size: 16px;\">Whole or quartered.<\/em><\/h3>\t\t\t\t\t\t\t\t<\/div>\n\t\t\t\t<\/div>\n\t\t\t\t<div class=\"elementor-element elementor-element-92fac56 elementor-widget elementor-widget-text-editor\" data-id=\"92fac56\" data-element_type=\"widget\" data-widget_type=\"text-editor.default\">\n\t\t\t\t<div class=\"elementor-widget-container\">\n\t\t\t\t\t\t\t\t\t<div title=\"Page 1\"><div title=\"Page 1\"><p>QUARTER OF OUR BEAUTIFUL POULTRY GALETTE<br \/>Cou nu breed from les Blaches farm\u00a0<br \/>Garnished its jus, confit purple garlic &amp; your choice of:<br \/>Mac &amp; Cheese, potatoes puree, or fricass\u00e9e of seasonal vegetables <br \/>seasonal green salad<\/p><p>28.<\/p><p>OUR BEAUTIFUL POULTRY GALETTE<br \/><span style=\"font-family: -apple-system, BlinkMacSystemFont, 'Segoe UI', Roboto, 'Helvetica Neue', Arial, 'Noto Sans', sans-serif, 'Apple Color Emoji', 'Segoe UI Emoji', 'Segoe UI Symbol', 'Noto Color Emoji';\">From 6 to 8 people<br \/><\/span><span style=\"font-family: -apple-system, BlinkMacSystemFont, 'Segoe UI', Roboto, 'Helvetica Neue', Arial, 'Noto Sans', sans-serif, 'Apple Color Emoji', 'Segoe UI Emoji', 'Segoe UI Symbol', 'Noto Color Emoji';\">Chicken pie, pot of chicken gravy 80 g<br \/><\/span><span style=\"font-family: -apple-system, BlinkMacSystemFont, 'Segoe UI', Roboto, 'Helvetica Neue', Arial, 'Noto Sans', sans-serif, 'Apple Color Emoji', 'Segoe UI Emoji', 'Segoe UI Symbol', 'Noto Color Emoji';\">Marinated in Port wine &amp; Alsace Sylvaner wine, button mushrooms, Chef's 12-spice salt, <br \/>cr\u00e8me fra\u00eeche &amp; herbs<\/span><\/p><\/div><p class=\"p1\">90.<\/p><\/div>\t\t\t\t\t\t\t\t<\/div>\n\t\t\t\t<\/div>\n\t\t\t\t<div class=\"elementor-element elementor-element-53a9f93 elementor-widget elementor-widget-text-editor\" data-id=\"53a9f93\" data-element_type=\"widget\" data-widget_type=\"text-editor.default\">\n\t\t\t\t<div class=\"elementor-widget-container\">\n\t\t\t\t\t\t\t\t\t<h3><span style=\"margin-bottom: 0px;\"><b>OUR BEAUTIFUL BIRDS<\/b><\/span><\/h3><div><h3 class=\"lcr-header\" style=\"margin-top: 0px; font-size: 1.5rem; margin-bottom: 1.375rem; line-height: 1.1; font-family: 'EB Garamond', Georgia, serif; font-style: normal;\"><em style=\"margin-bottom: 0px; font-size: 16px;\">All our fowls are first slowly poached in a broth Westermann\u2019s way before getting roasted.<\/em><\/h3><div><em style=\"margin-bottom: 0px; font-size: 16px;\">\u00a0<\/em><\/div><\/div>\t\t\t\t\t\t\t\t<\/div>\n\t\t\t\t<\/div>\n\t\t\t\t<div class=\"elementor-element elementor-element-851dc02 elementor-widget elementor-widget-text-editor\" data-id=\"851dc02\" data-element_type=\"widget\" data-widget_type=\"text-editor.default\">\n\t\t\t\t<div class=\"elementor-widget-container\">\n\t\t\t\t\t\t\t\t\t<div title=\"Page 1\"><div title=\"Page 1\"><div><div><p><strong>For 1 people<\/strong><\/p><p><em>Garnished with its jus, purple garlic &amp; your choice... French fries,<br \/>mac &amp; cheese, potatoes pure\u0301e, fricassee of seasonal vegetables,<br \/>seasonal, green salad<\/em><\/p><p>ROASTED QUARTER <span style=\"font-family: -apple-system, BlinkMacSystemFont, 'Segoe UI', Roboto, 'Helvetica Neue', Arial, 'Noto Sans', sans-serif, 'Apple Color Emoji', 'Segoe UI Emoji', 'Segoe UI Symbol', 'Noto Color Emoji';\"><em>\u2013 120 days<\/em><\/span><br \/><span style=\"font-family: -apple-system, BlinkMacSystemFont, 'Segoe UI', Roboto, 'Helvetica Neue', Arial, 'Noto Sans', sans-serif, 'Apple Color Emoji', 'Segoe UI Emoji', 'Segoe UI Symbol', 'Noto Color Emoji';\"><em>Rustic, generous <\/em><br \/>Cou Nu breed\u00a0<br \/>Ferme des Blaches, Crest &#8211; Franck Blanchard &amp; Romain Benoit<\/span><\/p><p>28.<\/p><\/div><\/div><p>COQ AU VIN QUARTER <em>- 220 days<\/em><br \/>Cou Nu &amp; White Gauloise breed<br \/>Ferme Le Devant, La Chapelle Naud &#8211; Christophe Perrault<br \/>45.<\/p><p>DR\u00d4ME GUINEA FOWL <em>\u2013 120 days<\/em><br \/>Roosted half bird<br \/>Nubienne breed<br \/>Ferme des Blaches, Crest &#8211; Franck Blanchard &amp; Romain Benoit<\/p><p>50.<\/p><p>ALSATIAN SQUAB<br \/>Roasted \u00ab a la plancha \u00bb giblets &amp; fresh lime<br \/>Race Hubbel<br \/>Ferme du Duwehof, Nordhouse &#8211; Th\u00e9o Kieffer<br \/>53.<\/p><div><p><strong><em>BIRDS TO SHARE!<br \/><\/em><\/strong><em>Garnished with their jus, their purple garlic &amp; your choice of sides:<br \/>French fries, <\/em><em>mac &amp; cheese, potatoes pur\u00e9e, fricass\u00e9e of seasonal vegetables, seasonal green salad.<\/em><\/p><\/div><div><p><span style=\"font-weight: 400;\">GASCONY ROOSTER <em>&#8211; 200 jours<\/em><br \/><em>Firm, elegant<\/em><\/span><br \/>Noire d\u2019Astarac Bigorre breed \/ 2 \u2013 2,2kg<br \/>Collectif d\u2019\u00e9leveurs,\u2009Trie-sur-Ba\u00efse &#8211; Jean-Paul Beuste<br \/>165.<\/p><p>BRESSE A.O.C <em>\u2013 120 days<\/em><br \/><em>Classic, greedy<\/em><br \/>White Gauloise breed \/ 1,8 \u2013 2kg<br \/>Ferme Le Devant, La Chapelle Naud &#8211; Christophe Perrault<br \/>169.<\/p><p>DR\u00d4ME GUINEA FOWL <em>\u2013 120 days<\/em><br \/><em>Wild, nature<\/em><br \/>Nubienne breed \/ 1,4 \u2013 1,7kg<br \/>Ferme des Blaches, Crest &#8211; Franck Blanchard &amp; Romain Benoit<br \/>125.<\/p><p>VERCORS GREY BREED <em>\u2013 130 days<\/em><br \/><em>Fleshy, smooth<\/em><br \/>Old breed \/ 1,8 - 2kg<br \/>Ferme des Blaches, Crest &#8211; Franck Blanchard &amp; Romain Benoit<br \/>149.<\/p><\/div><\/div><\/div>\t\t\t\t\t\t\t\t<\/div>\n\t\t\t\t<\/div>\n\t\t\t\t<div class=\"elementor-element elementor-element-4289891 elementor-widget elementor-widget-text-editor\" data-id=\"4289891\" data-element_type=\"widget\" data-widget_type=\"text-editor.default\">\n\t\t\t\t<div class=\"elementor-widget-container\">\n\t\t\t\t\t\t\t\t\t<h3><span style=\"margin-bottom: 0px;\"><b>OUR SEASONAL SIDES<br \/><\/b><\/span><em style=\"font-family: 'EB Garamond', Georgia, serif; margin-bottom: 0px; font-size: 16px;\">&amp; Small appetites<\/em><em style=\"font-size: 16px; margin-bottom: 0px;\">\u00a0<\/em><\/h3>\t\t\t\t\t\t\t\t<\/div>\n\t\t\t\t<\/div>\n\t\t\t\t<div class=\"elementor-element elementor-element-6c44bab elementor-widget elementor-widget-text-editor\" data-id=\"6c44bab\" data-element_type=\"widget\" data-widget_type=\"text-editor.default\">\n\t\t\t\t<div class=\"elementor-widget-container\">\n\t\t\t\t\t\t\t\t\t<div title=\"Page 1\"><div title=\"Page 1\"><p>GREEN SALAD<br \/>Sherry vinegar, olive oil vinaigrette, fresh aromatic herbs &amp; shallots<br \/>7.<\/p><p>SAUT\u00c9ED MUSHROOMS<br \/>parsley &amp; shallots<br \/>14.<\/p><p>MAC &amp; CHEESE<br \/>Rigatoni pasta, Sour cream, poultry broth, parmesan cheese<br \/>11.<\/p><p>SEASONAL VEGETABLES FRICASS\u00c9E<br \/>Blanched seasonal vegetables, fricasseed in olive oil,\nchives<br \/>12.<\/p><p>POTATOES PUR\u00c9E<br \/>With olive oil &amp; ground nutmeg<br \/>9.<\/p><p>HOUSE MADE FRIES<br \/>9.<\/p><\/div><\/div>\t\t\t\t\t\t\t\t<\/div>\n\t\t\t\t<\/div>\n\t\t\t\t<div class=\"elementor-element elementor-element-6bd0d26 elementor-widget elementor-widget-text-editor\" data-id=\"6bd0d26\" data-element_type=\"widget\" data-widget_type=\"text-editor.default\">\n\t\t\t\t<div class=\"elementor-widget-container\">\n\t\t\t\t\t\t\t\t\t<h3><em style=\"font-family: 'EB Garamond', Georgia, serif; margin-bottom: 0px; font-size: 16px;\">Do not forget to make our staff aware of any of your food allergies!<br \/><\/em><\/h3>\t\t\t\t\t\t\t\t<\/div>\n\t\t\t\t<\/div>\n\t\t\t\t\t<\/div>\n\t\t<\/div>\n\t\t\t\t\t<\/div>\n\t\t<\/section>\n\t\t\t\t<\/div>","protected":false},"excerpt":{"rendered":"<p>\u00c0 LA CARTE \u00c0 LA CARTE PLATS DU JOUR\u200b DESSERTS AMIS VEGGIES D\u00e9couvrez notre nouvelle carte ! Boulanger traditionnel PoujauranPain au levain, pain de mie, brioche &amp; buns NOS HORS D\u2019OEUVRES \u00e0 picorer tout seul ou \u00e0 plusieurs ! LES ABATTIS DE NOS FERMIERS G\u00c9SIERS CONFITSPesto de roquette, menthe, amandes,citron jaune &amp; amandes grill\u00e9s10. TERRINE [&hellip;]<\/p>","protected":false},"author":3,"featured_media":0,"parent":0,"menu_order":0,"comment_status":"closed","ping_status":"closed","template":"","meta":{"_acf_changed":false,"_monsterinsights_skip_tracking":false,"_monsterinsights_sitenote_active":false,"_monsterinsights_sitenote_note":"","_monsterinsights_sitenote_category":0,"footnotes":""},"class_list":["post-553","page","type-page","status-publish","hentry"],"acf":[],"aioseo_notices":[],"_links":{"self":[{"href":"https:\/\/lecoq-fils.com\/en\/wp-json\/wp\/v2\/pages\/553","targetHints":{"allow":["GET"]}}],"collection":[{"href":"https:\/\/lecoq-fils.com\/en\/wp-json\/wp\/v2\/pages"}],"about":[{"href":"https:\/\/lecoq-fils.com\/en\/wp-json\/wp\/v2\/types\/page"}],"author":[{"embeddable":true,"href":"https:\/\/lecoq-fils.com\/en\/wp-json\/wp\/v2\/users\/3"}],"replies":[{"embeddable":true,"href":"https:\/\/lecoq-fils.com\/en\/wp-json\/wp\/v2\/comments?post=553"}],"version-history":[{"count":0,"href":"https:\/\/lecoq-fils.com\/en\/wp-json\/wp\/v2\/pages\/553\/revisions"}],"wp:attachment":[{"href":"https:\/\/lecoq-fils.com\/en\/wp-json\/wp\/v2\/media?parent=553"}],"curies":[{"name":"wp","href":"https:\/\/api.w.org\/{rel}","templated":true}]}}