{"id":669,"date":"2021-09-28T18:15:55","date_gmt":"2021-09-28T16:15:55","guid":{"rendered":"https:\/\/lecoq-fils.com\/?page_id=669"},"modified":"2026-02-24T09:36:43","modified_gmt":"2026-02-24T08:36:43","slug":"desserts","status":"publish","type":"page","link":"https:\/\/lecoq-fils.com\/en\/desserts\/","title":{"rendered":"Desserts"},"content":{"rendered":"<div data-elementor-type=\"wp-page\" data-elementor-id=\"669\" class=\"elementor elementor-669\" data-elementor-post-type=\"page\">\n\t\t\t\t\t\t<section class=\"elementor-section elementor-top-section elementor-element elementor-element-78452870 elementor-section-height-min-height hero-section elementor-section-boxed elementor-section-height-default elementor-section-items-middle\" data-id=\"78452870\" data-element_type=\"section\" data-settings=\"{&quot;background_background&quot;:&quot;classic&quot;}\">\n\t\t\t\t\t\t<div class=\"elementor-container elementor-column-gap-default\">\n\t\t\t\t\t<div class=\"elementor-column elementor-col-100 elementor-top-column elementor-element elementor-element-32728f76\" data-id=\"32728f76\" data-element_type=\"column\">\n\t\t\t<div class=\"elementor-widget-wrap elementor-element-populated\">\n\t\t\t\t\t\t<div class=\"elementor-element elementor-element-0476d0b elementor-widget elementor-widget-heading\" data-id=\"0476d0b\" data-element_type=\"widget\" data-widget_type=\"heading.default\">\n\t\t\t\t<div class=\"elementor-widget-container\">\n\t\t\t\t\t<h2 class=\"elementor-heading-title elementor-size-default\">DESSERTS<\/h2>\t\t\t\t<\/div>\n\t\t\t\t<\/div>\n\t\t\t\t\t<\/div>\n\t\t<\/div>\n\t\t\t\t\t<\/div>\n\t\t<\/section>\n\t\t\t\t<section class=\"elementor-section elementor-top-section elementor-element elementor-element-b9b66b7 elementor-section-boxed elementor-section-height-default elementor-section-height-default\" data-id=\"b9b66b7\" data-element_type=\"section\">\n\t\t\t\t\t\t<div class=\"elementor-container elementor-column-gap-default\">\n\t\t\t\t\t<div class=\"elementor-column elementor-col-25 elementor-top-column elementor-element elementor-element-5663bc4\" data-id=\"5663bc4\" data-element_type=\"column\">\n\t\t\t<div class=\"elementor-widget-wrap elementor-element-populated\">\n\t\t\t\t\t\t<div class=\"elementor-element elementor-element-ef38120 elementor-align-center elementor-widget elementor-widget-button\" data-id=\"ef38120\" data-element_type=\"widget\" data-widget_type=\"button.default\">\n\t\t\t\t<div class=\"elementor-widget-container\">\n\t\t\t\t\t\t\t\t\t<div class=\"elementor-button-wrapper\">\n\t\t\t\t\t<a class=\"elementor-button elementor-button-link elementor-size-md\" href=\"https:\/\/lecoq-fils.com\/en\/a-la-carte\/\">\n\t\t\t\t\t\t<span class=\"elementor-button-content-wrapper\">\n\t\t\t\t\t\t\t\t\t<span class=\"elementor-button-text\">ON THE MENU<\/span>\n\t\t\t\t\t<\/span>\n\t\t\t\t\t<\/a>\n\t\t\t\t<\/div>\n\t\t\t\t\t\t\t\t<\/div>\n\t\t\t\t<\/div>\n\t\t\t\t\t<\/div>\n\t\t<\/div>\n\t\t\t\t<div class=\"elementor-column elementor-col-25 elementor-top-column elementor-element elementor-element-139c6b5\" data-id=\"139c6b5\" data-element_type=\"column\">\n\t\t\t<div class=\"elementor-widget-wrap elementor-element-populated\">\n\t\t\t\t\t\t<div class=\"elementor-element elementor-element-383f218 elementor-align-center elementor-widget elementor-widget-button\" data-id=\"383f218\" data-element_type=\"widget\" data-widget_type=\"button.default\">\n\t\t\t\t<div class=\"elementor-widget-container\">\n\t\t\t\t\t\t\t\t\t<div class=\"elementor-button-wrapper\">\n\t\t\t\t\t<a class=\"elementor-button elementor-button-link elementor-size-md\" href=\"https:\/\/lecoq-fils.com\/en\/plats-du-jour\/\">\n\t\t\t\t\t\t<span class=\"elementor-button-content-wrapper\">\n\t\t\t\t\t\t\t\t\t<span class=\"elementor-button-text\">DISH OF THE DAY<\/span>\n\t\t\t\t\t<\/span>\n\t\t\t\t\t<\/a>\n\t\t\t\t<\/div>\n\t\t\t\t\t\t\t\t<\/div>\n\t\t\t\t<\/div>\n\t\t\t\t\t<\/div>\n\t\t<\/div>\n\t\t\t\t<div class=\"elementor-column elementor-col-25 elementor-top-column elementor-element elementor-element-56fc44f\" data-id=\"56fc44f\" data-element_type=\"column\">\n\t\t\t<div class=\"elementor-widget-wrap elementor-element-populated\">\n\t\t\t\t\t\t<div class=\"elementor-element elementor-element-687a660 elementor-align-center elementor-widget elementor-widget-button\" data-id=\"687a660\" data-element_type=\"widget\" data-widget_type=\"button.default\">\n\t\t\t\t<div class=\"elementor-widget-container\">\n\t\t\t\t\t\t\t\t\t<div class=\"elementor-button-wrapper\">\n\t\t\t\t\t<a class=\"elementor-button elementor-size-md\" role=\"button\">\n\t\t\t\t\t\t<span class=\"elementor-button-content-wrapper\">\n\t\t\t\t\t\t\t\t\t<span class=\"elementor-button-text\">DESSERTS<\/span>\n\t\t\t\t\t<\/span>\n\t\t\t\t\t<\/a>\n\t\t\t\t<\/div>\n\t\t\t\t\t\t\t\t<\/div>\n\t\t\t\t<\/div>\n\t\t\t\t\t<\/div>\n\t\t<\/div>\n\t\t\t\t<div class=\"elementor-column elementor-col-25 elementor-top-column elementor-element elementor-element-a910b52\" data-id=\"a910b52\" data-element_type=\"column\">\n\t\t\t<div class=\"elementor-widget-wrap elementor-element-populated\">\n\t\t\t\t\t\t<div class=\"elementor-element elementor-element-a0eef6c elementor-align-center elementor-widget elementor-widget-button\" data-id=\"a0eef6c\" data-element_type=\"widget\" data-widget_type=\"button.default\">\n\t\t\t\t<div class=\"elementor-widget-container\">\n\t\t\t\t\t\t\t\t\t<div class=\"elementor-button-wrapper\">\n\t\t\t\t\t<a class=\"elementor-button elementor-button-link elementor-size-md\" href=\"https:\/\/lecoq-fils.com\/en\/lami-e-vegetarien-ne\/\">\n\t\t\t\t\t\t<span class=\"elementor-button-content-wrapper\">\n\t\t\t\t\t\t\t\t\t<span class=\"elementor-button-text\">VEGGIE FRIENDLY<\/span>\n\t\t\t\t\t<\/span>\n\t\t\t\t\t<\/a>\n\t\t\t\t<\/div>\n\t\t\t\t\t\t\t\t<\/div>\n\t\t\t\t<\/div>\n\t\t\t\t\t<\/div>\n\t\t<\/div>\n\t\t\t\t\t<\/div>\n\t\t<\/section>\n\t\t\t\t<section class=\"elementor-section elementor-top-section elementor-element elementor-element-2a8fbeb elementor-section-boxed elementor-section-height-default elementor-section-height-default\" data-id=\"2a8fbeb\" data-element_type=\"section\">\n\t\t\t\t\t\t<div class=\"elementor-container elementor-column-gap-default\">\n\t\t\t\t\t<div class=\"elementor-column elementor-col-100 elementor-top-column elementor-element elementor-element-ed08a8e\" data-id=\"ed08a8e\" data-element_type=\"column\">\n\t\t\t<div class=\"elementor-widget-wrap elementor-element-populated\">\n\t\t\t\t\t\t<div class=\"elementor-element elementor-element-dcd6d43 elementor-widget-divider--view-line elementor-widget elementor-widget-divider\" data-id=\"dcd6d43\" data-element_type=\"widget\" data-widget_type=\"divider.default\">\n\t\t\t\t<div class=\"elementor-widget-container\">\n\t\t\t\t\t\t\t<div class=\"elementor-divider\">\n\t\t\t<span class=\"elementor-divider-separator\">\n\t\t\t\t\t\t<\/span>\n\t\t<\/div>\n\t\t\t\t\t\t<\/div>\n\t\t\t\t<\/div>\n\t\t\t\t\t<\/div>\n\t\t<\/div>\n\t\t\t\t\t<\/div>\n\t\t<\/section>\n\t\t\t\t<section class=\"elementor-section elementor-top-section elementor-element elementor-element-4f0af07 elementor-section-boxed elementor-section-height-default elementor-section-height-default\" data-id=\"4f0af07\" data-element_type=\"section\">\n\t\t\t\t\t\t<div class=\"elementor-container elementor-column-gap-default\">\n\t\t\t\t\t<div class=\"elementor-column elementor-col-100 elementor-top-column elementor-element elementor-element-68b555e\" data-id=\"68b555e\" data-element_type=\"column\">\n\t\t\t<div class=\"elementor-widget-wrap elementor-element-populated\">\n\t\t\t\t\t\t<div class=\"elementor-element elementor-element-8bc846b elementor-widget elementor-widget-text-editor\" data-id=\"8bc846b\" data-element_type=\"widget\" data-widget_type=\"text-editor.default\">\n\t\t\t\t<div class=\"elementor-widget-container\">\n\t\t\t\t\t\t\t\t\t<h3 class=\"lcr-header\"><b>DESSERTS<\/b><\/h3>\t\t\t\t\t\t\t\t<\/div>\n\t\t\t\t<\/div>\n\t\t\t\t<div class=\"elementor-element elementor-element-6a84cbb elementor-widget elementor-widget-text-editor\" data-id=\"6a84cbb\" data-element_type=\"widget\" data-widget_type=\"text-editor.default\">\n\t\t\t\t<div class=\"elementor-widget-container\">\n\t\t\t\t\t\t\t\t\t<p style=\"margin-bottom: 1.6rem; font-family: Nunito; color: #5d83a4 !important;\"><span style=\"margin-bottom: 0px;\"><b>CHEESE\u00a0<br \/><\/b><em>Marie-Jo Verjat &amp; Alain Raymond, la ferme des Caprines, Grignan<br \/><\/em><\/span><b><\/b><span style=\"color: #333333;\">CORSICAN AOP COW CHEESE<\/span><br \/><span style=\"color: #333333;\">Olive oil &amp; R\u00e9 Island salt<\/span><br \/><span style=\"color: #333333;\">14.<\/span><\/p><p style=\"margin-bottom: 1.6rem; font-family: Nunito; color: #5d83a4 !important;\"><span style=\"margin-bottom: 0px;\"><b>VANILL<span style=\"color: #5d83a4; font-family: Nunito; font-weight: bold;\">A<\/span>!<br \/><\/b><em>Organic Vanilla from Madagascar<\/em><b><br \/><\/b><\/span><span style=\"color: #333333;\">LE COQ\u2019S ILE FLOTTANTE<\/span><br \/><span style=\"color: #333333;\">Vanilla cr\u00e8me anglaise,<\/span><br \/><span style=\"color: #333333;\">snow eggs, homemade crushed<\/span><br \/><span style=\"color: #333333;\">caramelized almonds<\/span><br \/><span style=\"color: #333333;\">14.<\/span><\/p><p><span style=\"font-weight: 400;\">RICE PUDDING<br \/><\/span><span style=\"font-weight: 400;\">Sicilian orange &amp; ginger Marmelade &amp; caramelized slivered almonds\u00a0<br \/>12.<\/span><strong><br \/><\/strong><\/p><p><span style=\"font-weight: 400;\">APPLE COMPOTE\n&amp; VANILLA ICE CREAM<br \/><\/span><span style=\"font-weight: 400;\">Rubinstep Pirouette\u00ae organic apples<br \/>with salted butter &amp; vanilla ice cream<br \/>13.<\/span><\/p><p><span style=\"color: #5d83a4; font-family: Nunito; font-weight: bold;\"><br \/>CHOCOLATE'S!<br \/><\/span><em><span style=\"color: #5d83a4; font-family: Nunito;\">Chocolate 60% Peru - Organic<\/span><\/em><span style=\"text-decoration: underline;\"><span style=\"color: #5d83a4; font-family: Nunito; text-decoration: underline;\"><br \/><\/span><\/span><span style=\"color: #333333;\">DARK CHOCOLATE BROWNIE<br \/><\/span>Almonds, dark chocolate sorbet<br style=\"margin-bottom: 0px;\" \/><span style=\"color: #333333;\">14.<\/span><\/p><p>DARK CHOCOLATE MOUSSE<br \/>Sicilian orange &amp; ginger Marmelade<br \/>8.<\/p><p><span style=\"color: #333333;\">CHOCOLATE SORBET<\/span><br style=\"margin-bottom: 0px;\" \/><span style=\"color: #333333;\">7.<\/span><\/p><p><span style=\"color: #5d83a4; font-family: Nunito; font-weight: bold;\">SWEET BEAKS COFFEES<\/span><\/p><p>EXPRESSO<br \/>Chocolate mousse\n&amp; chocolate truffle<\/p><div title=\"Page 1\"><span style=\"font-family: -apple-system, BlinkMacSystemFont, 'Segoe UI', Roboto, 'Helvetica Neue', Arial, 'Noto Sans', sans-serif, 'Apple Color Emoji', 'Segoe UI Emoji', 'Segoe UI Symbol', 'Noto Color Emoji';\">12.<\/span>\u00a0<\/div><p>VIENNA COFFEE<br \/>100% arabica coffee, whipped cream \n&amp; cocoa powder<br \/>9.<\/p><div title=\"Page 1\">\u00a0<\/div>\t\t\t\t\t\t\t\t<\/div>\n\t\t\t\t<\/div>\n\t\t\t\t<div class=\"elementor-element elementor-element-6bd0d26 elementor-widget elementor-widget-text-editor\" data-id=\"6bd0d26\" data-element_type=\"widget\" data-widget_type=\"text-editor.default\">\n\t\t\t\t<div class=\"elementor-widget-container\">\n\t\t\t\t\t\t\t\t\t<h3><em style=\"font-family: 'EB Garamond', Georgia, serif; margin-bottom: 0px; font-size: 16px;\">Do not forget to make our staff aware of any of your food allergies!<br \/><\/em><\/h3>\t\t\t\t\t\t\t\t<\/div>\n\t\t\t\t<\/div>\n\t\t\t\t\t<\/div>\n\t\t<\/div>\n\t\t\t\t\t<\/div>\n\t\t<\/section>\n\t\t\t\t<\/div>","protected":false},"excerpt":{"rendered":"<p>DESSERTS \u00c0 LA CARTE PLATS DU JOUR\u200b DESSERTS AMIS VEGGIES DESSERTS FROMAGE\u00a0Marie-Jo Verjat &amp; Alain Raymond, la ferme des Caprines, GrignanFROMAGE AOP BROCCIUHuile d\u2019olive &amp; sel de l&rsquo;\u00cele de R\u00e914. LES VANILL\u00c9S !Vanille Bio de MadagascarILE FLOTTANTE DU COQCr\u00e8me anglaise \u00e0 la vanille,\u0153uf \u00e0 la neige, amandes caram\u00e9lis\u00e9esconcass\u00e9es maison14. RIZ AU LAIT VANILL\u00c9Marmelade d\u2019orange de [&hellip;]<\/p>","protected":false},"author":3,"featured_media":0,"parent":0,"menu_order":0,"comment_status":"closed","ping_status":"closed","template":"","meta":{"_acf_changed":false,"_monsterinsights_skip_tracking":false,"_monsterinsights_sitenote_active":false,"_monsterinsights_sitenote_note":"","_monsterinsights_sitenote_category":0,"footnotes":""},"class_list":["post-669","page","type-page","status-publish","hentry"],"acf":[],"aioseo_notices":[],"_links":{"self":[{"href":"https:\/\/lecoq-fils.com\/en\/wp-json\/wp\/v2\/pages\/669","targetHints":{"allow":["GET"]}}],"collection":[{"href":"https:\/\/lecoq-fils.com\/en\/wp-json\/wp\/v2\/pages"}],"about":[{"href":"https:\/\/lecoq-fils.com\/en\/wp-json\/wp\/v2\/types\/page"}],"author":[{"embeddable":true,"href":"https:\/\/lecoq-fils.com\/en\/wp-json\/wp\/v2\/users\/3"}],"replies":[{"embeddable":true,"href":"https:\/\/lecoq-fils.com\/en\/wp-json\/wp\/v2\/comments?post=669"}],"version-history":[{"count":0,"href":"https:\/\/lecoq-fils.com\/en\/wp-json\/wp\/v2\/pages\/669\/revisions"}],"wp:attachment":[{"href":"https:\/\/lecoq-fils.com\/en\/wp-json\/wp\/v2\/media?parent=669"}],"curies":[{"name":"wp","href":"https:\/\/api.w.org\/{rel}","templated":true}]}}