{"id":692,"date":"2021-09-28T20:00:13","date_gmt":"2021-09-28T18:00:13","guid":{"rendered":"https:\/\/lecoq-fils.com\/?page_id=692"},"modified":"2024-10-08T17:00:30","modified_gmt":"2024-10-08T15:00:30","slug":"menu-des-poussins","status":"publish","type":"page","link":"https:\/\/lecoq-fils.com\/en\/menu-des-poussins\/","title":{"rendered":"Little chicks"},"content":{"rendered":"<div data-elementor-type=\"wp-page\" data-elementor-id=\"692\" class=\"elementor elementor-692\" data-elementor-post-type=\"page\">\n\t\t\t\t\t\t<section class=\"elementor-section elementor-top-section elementor-element elementor-element-78452870 elementor-section-height-min-height hero-section elementor-section-boxed elementor-section-height-default elementor-section-items-middle\" data-id=\"78452870\" data-element_type=\"section\" data-settings=\"{&quot;background_background&quot;:&quot;classic&quot;}\">\n\t\t\t\t\t\t<div class=\"elementor-container elementor-column-gap-default\">\n\t\t\t\t\t<div class=\"elementor-column elementor-col-100 elementor-top-column elementor-element elementor-element-32728f76\" data-id=\"32728f76\" data-element_type=\"column\">\n\t\t\t<div class=\"elementor-widget-wrap elementor-element-populated\">\n\t\t\t\t\t\t<div class=\"elementor-element elementor-element-0476d0b elementor-widget elementor-widget-heading\" data-id=\"0476d0b\" data-element_type=\"widget\" data-widget_type=\"heading.default\">\n\t\t\t\t<div class=\"elementor-widget-container\">\n\t\t\t\t\t<h2 class=\"elementor-heading-title elementor-size-default\">LITTLE CHICKS<\/h2>\t\t\t\t<\/div>\n\t\t\t\t<\/div>\n\t\t\t\t\t<\/div>\n\t\t<\/div>\n\t\t\t\t\t<\/div>\n\t\t<\/section>\n\t\t\t\t<section class=\"elementor-section elementor-top-section elementor-element elementor-element-cea40ed elementor-section-boxed elementor-section-height-default elementor-section-height-default\" data-id=\"cea40ed\" data-element_type=\"section\">\n\t\t\t\t\t\t<div class=\"elementor-container elementor-column-gap-default\">\n\t\t\t\t\t<div class=\"elementor-column elementor-col-25 elementor-top-column elementor-element elementor-element-fafc919\" data-id=\"fafc919\" data-element_type=\"column\">\n\t\t\t<div class=\"elementor-widget-wrap elementor-element-populated\">\n\t\t\t\t\t\t<div class=\"elementor-element elementor-element-142147d elementor-align-center elementor-widget elementor-widget-button\" data-id=\"142147d\" data-element_type=\"widget\" data-widget_type=\"button.default\">\n\t\t\t\t<div class=\"elementor-widget-container\">\n\t\t\t\t\t\t\t\t\t<div class=\"elementor-button-wrapper\">\n\t\t\t\t\t<a class=\"elementor-button elementor-button-link elementor-size-md\" href=\"https:\/\/lecoq-fils.com\/en\/plats-du-jour\/\">\n\t\t\t\t\t\t<span class=\"elementor-button-content-wrapper\">\n\t\t\t\t\t\t\t\t\t<span class=\"elementor-button-text\">DISH OF THE DAY<\/span>\n\t\t\t\t\t<\/span>\n\t\t\t\t\t<\/a>\n\t\t\t\t<\/div>\n\t\t\t\t\t\t\t\t<\/div>\n\t\t\t\t<\/div>\n\t\t\t\t\t<\/div>\n\t\t<\/div>\n\t\t\t\t<div class=\"elementor-column elementor-col-25 elementor-top-column elementor-element elementor-element-8ec72b7\" data-id=\"8ec72b7\" data-element_type=\"column\">\n\t\t\t<div class=\"elementor-widget-wrap elementor-element-populated\">\n\t\t\t\t\t\t<div class=\"elementor-element elementor-element-d8515ac elementor-align-center elementor-widget elementor-widget-button\" data-id=\"d8515ac\" data-element_type=\"widget\" data-widget_type=\"button.default\">\n\t\t\t\t<div class=\"elementor-widget-container\">\n\t\t\t\t\t\t\t\t\t<div class=\"elementor-button-wrapper\">\n\t\t\t\t\t<a class=\"elementor-button elementor-button-link elementor-size-md\" href=\"https:\/\/lecoq-fils.com\/en\/a-la-carte\/\">\n\t\t\t\t\t\t<span class=\"elementor-button-content-wrapper\">\n\t\t\t\t\t\t\t\t\t<span class=\"elementor-button-text\">ON THE MENU<\/span>\n\t\t\t\t\t<\/span>\n\t\t\t\t\t<\/a>\n\t\t\t\t<\/div>\n\t\t\t\t\t\t\t\t<\/div>\n\t\t\t\t<\/div>\n\t\t\t\t\t<\/div>\n\t\t<\/div>\n\t\t\t\t<div class=\"elementor-column elementor-col-25 elementor-top-column elementor-element elementor-element-b88dc39\" data-id=\"b88dc39\" data-element_type=\"column\">\n\t\t\t<div class=\"elementor-widget-wrap elementor-element-populated\">\n\t\t\t\t\t\t<div class=\"elementor-element elementor-element-c64cced elementor-align-center elementor-widget elementor-widget-button\" data-id=\"c64cced\" data-element_type=\"widget\" data-widget_type=\"button.default\">\n\t\t\t\t<div class=\"elementor-widget-container\">\n\t\t\t\t\t\t\t\t\t<div class=\"elementor-button-wrapper\">\n\t\t\t\t\t<a class=\"elementor-button elementor-button-link elementor-size-md\" href=\"https:\/\/lecoq-fils.com\/en\/desserts\/\">\n\t\t\t\t\t\t<span class=\"elementor-button-content-wrapper\">\n\t\t\t\t\t\t\t\t\t<span class=\"elementor-button-text\">DESSERTS<\/span>\n\t\t\t\t\t<\/span>\n\t\t\t\t\t<\/a>\n\t\t\t\t<\/div>\n\t\t\t\t\t\t\t\t<\/div>\n\t\t\t\t<\/div>\n\t\t\t\t\t<\/div>\n\t\t<\/div>\n\t\t\t\t<div class=\"elementor-column elementor-col-25 elementor-top-column elementor-element elementor-element-afd29f3\" data-id=\"afd29f3\" data-element_type=\"column\">\n\t\t\t<div class=\"elementor-widget-wrap elementor-element-populated\">\n\t\t\t\t\t\t<div class=\"elementor-element elementor-element-85c70ca elementor-align-center elementor-widget elementor-widget-button\" data-id=\"85c70ca\" data-element_type=\"widget\" data-widget_type=\"button.default\">\n\t\t\t\t<div class=\"elementor-widget-container\">\n\t\t\t\t\t\t\t\t\t<div class=\"elementor-button-wrapper\">\n\t\t\t\t\t<a class=\"elementor-button elementor-button-link elementor-size-md\" href=\"https:\/\/lecoq-fils.com\/en\/lami-e-vegetarien-ne\/\">\n\t\t\t\t\t\t<span class=\"elementor-button-content-wrapper\">\n\t\t\t\t\t\t\t\t\t<span class=\"elementor-button-text\">VEGGIE FRIENDLY<\/span>\n\t\t\t\t\t<\/span>\n\t\t\t\t\t<\/a>\n\t\t\t\t<\/div>\n\t\t\t\t\t\t\t\t<\/div>\n\t\t\t\t<\/div>\n\t\t\t\t\t<\/div>\n\t\t<\/div>\n\t\t\t\t\t<\/div>\n\t\t<\/section>\n\t\t\t\t<section class=\"elementor-section elementor-top-section elementor-element elementor-element-2a8fbeb elementor-section-boxed elementor-section-height-default elementor-section-height-default\" data-id=\"2a8fbeb\" data-element_type=\"section\">\n\t\t\t\t\t\t<div class=\"elementor-container elementor-column-gap-default\">\n\t\t\t\t\t<div class=\"elementor-column elementor-col-100 elementor-top-column elementor-element elementor-element-ed08a8e\" data-id=\"ed08a8e\" data-element_type=\"column\">\n\t\t\t<div class=\"elementor-widget-wrap elementor-element-populated\">\n\t\t\t\t\t\t<div class=\"elementor-element elementor-element-dcd6d43 elementor-widget-divider--view-line elementor-widget elementor-widget-divider\" data-id=\"dcd6d43\" data-element_type=\"widget\" data-widget_type=\"divider.default\">\n\t\t\t\t<div class=\"elementor-widget-container\">\n\t\t\t\t\t\t\t<div class=\"elementor-divider\">\n\t\t\t<span class=\"elementor-divider-separator\">\n\t\t\t\t\t\t<\/span>\n\t\t<\/div>\n\t\t\t\t\t\t<\/div>\n\t\t\t\t<\/div>\n\t\t\t\t\t<\/div>\n\t\t<\/div>\n\t\t\t\t\t<\/div>\n\t\t<\/section>\n\t\t\t\t<section class=\"elementor-section elementor-top-section elementor-element elementor-element-4f0af07 elementor-section-boxed elementor-section-height-default elementor-section-height-default\" data-id=\"4f0af07\" data-element_type=\"section\">\n\t\t\t\t\t\t<div class=\"elementor-container elementor-column-gap-default\">\n\t\t\t\t\t<div class=\"elementor-column elementor-col-100 elementor-top-column elementor-element elementor-element-68b555e\" data-id=\"68b555e\" data-element_type=\"column\">\n\t\t\t<div class=\"elementor-widget-wrap elementor-element-populated\">\n\t\t\t\t\t\t<div class=\"elementor-element elementor-element-c22475c elementor-widget elementor-widget-text-editor\" data-id=\"c22475c\" data-element_type=\"widget\" data-widget_type=\"text-editor.default\">\n\t\t\t\t<div class=\"elementor-widget-container\">\n\t\t\t\t\t\t\t\t\t<h3 class=\"lcr-header\" style=\"margin-top: 0px; font-size: 1.5rem; margin-bottom: 1.375rem; line-height: 1.1; font-family: 'EB Garamond', Georgia, serif;\"><em style=\"margin-bottom: 0px; font-size: 16px;\">Everyday, for lunch &amp; dinner!<br \/>Recommended menu for up to 8 years old.<\/em><\/h3>\t\t\t\t\t\t\t\t<\/div>\n\t\t\t\t<\/div>\n\t\t\t\t<div class=\"elementor-element elementor-element-8bc846b elementor-widget elementor-widget-text-editor\" data-id=\"8bc846b\" data-element_type=\"widget\" data-widget_type=\"text-editor.default\">\n\t\t\t\t<div class=\"elementor-widget-container\">\n\t\t\t\t\t\t\t\t\t<h3 class=\"lcr-header\"><b>MENU <br \/>17.<\/b><em style=\"font-size: 16px;\">\u00a0<\/em><\/h3>\t\t\t\t\t\t\t\t<\/div>\n\t\t\t\t<\/div>\n\t\t\t\t<div class=\"elementor-element elementor-element-6a84cbb elementor-widget elementor-widget-text-editor\" data-id=\"6a84cbb\" data-element_type=\"widget\" data-widget_type=\"text-editor.default\">\n\t\t\t\t<div class=\"elementor-widget-container\">\n\t\t\t\t\t\t\t\t\t<p style=\"margin-bottom: 1.6rem; color: rgba(51, 51, 51, 0.85); font-family: Nunito;\">LIL\u2019 TERRINE<br style=\"margin-bottom: 0px;\" \/>Chic\u2019up - poultry jus <br \/>seasoning<\/p><h3 class=\"lcr-header\" style=\"margin-top: 0px; font-size: 1.5rem; margin-bottom: 1.375rem; line-height: 1.1; font-family: 'EB Garamond', Georgia, serif;\"><em style=\"margin-bottom: 0px; font-size: 16px;\">or<\/em><\/h3><p style=\"margin-bottom: 1.6rem; color: rgba(51, 51, 51, 0.85); font-family: Nunito;\">LIL\u2019 POT OF POULTRY VELOUT\u00c9<br \/>mushrooms duxelle, croutons &amp; chives<\/p><p style=\"margin-bottom: 1.6rem; color: rgba(51, 51, 51, 0.85); font-family: Nunito;\">***<\/p><p style=\"margin-bottom: 1.6rem; color: rgba(51, 51, 51, 0.85); font-family: Nunito;\">LIL\u2019 POULTRY BREAST\u00a0<br \/>house made fries or potatoes puree<br \/>&amp; poultry jus<\/p><p style=\"margin-bottom: 1.6rem; color: rgba(51, 51, 51, 0.85); font-family: Nunito;\">***<\/p><p style=\"margin-bottom: 0px; color: rgba(51, 51, 51, 0.85); font-family: Nunito;\">VANILLA ICE CREAM<br \/>pink praline flakes<\/p>\t\t\t\t\t\t\t\t<\/div>\n\t\t\t\t<\/div>\n\t\t\t\t<div class=\"elementor-element elementor-element-6bd0d26 elementor-widget elementor-widget-text-editor\" data-id=\"6bd0d26\" data-element_type=\"widget\" data-widget_type=\"text-editor.default\">\n\t\t\t\t<div class=\"elementor-widget-container\">\n\t\t\t\t\t\t\t\t\t<h3><em style=\"font-family: 'EB Garamond', Georgia, serif; margin-bottom: 0px; font-size: 16px;\">Do not forget to make our staff aware of any of your food allergies!<br \/><\/em><\/h3>\t\t\t\t\t\t\t\t<\/div>\n\t\t\t\t<\/div>\n\t\t\t\t\t<\/div>\n\t\t<\/div>\n\t\t\t\t\t<\/div>\n\t\t<\/section>\n\t\t\t\t<\/div>","protected":false},"excerpt":{"rendered":"<p>MENU DES POUSSINS PLATS DU JOUR\u200b \u00c0 LA CARTE DESSERTS AMIS VEGGIES Tous les jours, midi &amp; soir !Menu conseill\u00e9 jusqu\u2019\u00e0 8 ans. MENU 17.\u00a0 P&rsquo;TITE TERRINEChic\u2019up &#8211; condiment \u00e0 base de jus de volaille ou P&rsquo;TIT POT DE CR\u00c8ME DE VOLAILLEduxelle de champignons, cro\u00fbtons, ciboulette *** P&rsquo;TIT BLANC DE VOLAILLE\u00a0frites ou pur\u00e9e de pommes [&hellip;]<\/p>","protected":false},"author":3,"featured_media":0,"parent":0,"menu_order":0,"comment_status":"closed","ping_status":"closed","template":"","meta":{"_acf_changed":false,"_monsterinsights_skip_tracking":false,"_monsterinsights_sitenote_active":false,"_monsterinsights_sitenote_note":"","_monsterinsights_sitenote_category":0,"footnotes":""},"class_list":["post-692","page","type-page","status-publish","hentry"],"acf":[],"aioseo_notices":[],"_links":{"self":[{"href":"https:\/\/lecoq-fils.com\/en\/wp-json\/wp\/v2\/pages\/692","targetHints":{"allow":["GET"]}}],"collection":[{"href":"https:\/\/lecoq-fils.com\/en\/wp-json\/wp\/v2\/pages"}],"about":[{"href":"https:\/\/lecoq-fils.com\/en\/wp-json\/wp\/v2\/types\/page"}],"author":[{"embeddable":true,"href":"https:\/\/lecoq-fils.com\/en\/wp-json\/wp\/v2\/users\/3"}],"replies":[{"embeddable":true,"href":"https:\/\/lecoq-fils.com\/en\/wp-json\/wp\/v2\/comments?post=692"}],"version-history":[{"count":0,"href":"https:\/\/lecoq-fils.com\/en\/wp-json\/wp\/v2\/pages\/692\/revisions"}],"wp:attachment":[{"href":"https:\/\/lecoq-fils.com\/en\/wp-json\/wp\/v2\/media?parent=692"}],"curies":[{"name":"wp","href":"https:\/\/api.w.org\/{rel}","templated":true}]}}