{"id":709,"date":"2021-09-28T20:26:38","date_gmt":"2021-09-28T18:26:38","guid":{"rendered":"https:\/\/lecoq-fils.com\/?page_id=709"},"modified":"2025-06-25T15:10:08","modified_gmt":"2025-06-25T13:10:08","slug":"reservations","status":"publish","type":"page","link":"https:\/\/lecoq-fils.com\/en\/reservations\/","title":{"rendered":"Reservations"},"content":{"rendered":"<div data-elementor-type=\"wp-page\" data-elementor-id=\"709\" class=\"elementor elementor-709\" data-elementor-post-type=\"page\">\n\t\t\t\t\t\t<section class=\"elementor-section elementor-top-section elementor-element elementor-element-78452870 elementor-section-height-min-height hero-section elementor-section-boxed elementor-section-height-default elementor-section-items-middle\" data-id=\"78452870\" data-element_type=\"section\" data-settings=\"{&quot;background_background&quot;:&quot;classic&quot;}\">\n\t\t\t\t\t\t<div class=\"elementor-container elementor-column-gap-default\">\n\t\t\t\t\t<div class=\"elementor-column elementor-col-100 elementor-top-column elementor-element elementor-element-32728f76\" data-id=\"32728f76\" data-element_type=\"column\">\n\t\t\t<div class=\"elementor-widget-wrap elementor-element-populated\">\n\t\t\t\t\t\t<div class=\"elementor-element elementor-element-0476d0b elementor-widget elementor-widget-heading\" data-id=\"0476d0b\" data-element_type=\"widget\" data-widget_type=\"heading.default\">\n\t\t\t\t<div class=\"elementor-widget-container\">\n\t\t\t\t\t<h2 class=\"elementor-heading-title elementor-size-default\">RESERVATION<\/h2>\t\t\t\t<\/div>\n\t\t\t\t<\/div>\n\t\t\t\t\t<\/div>\n\t\t<\/div>\n\t\t\t\t\t<\/div>\n\t\t<\/section>\n\t\t\t\t<section class=\"elementor-section elementor-top-section elementor-element elementor-element-604b2660 elementor-section-boxed elementor-section-height-default elementor-section-height-default\" data-id=\"604b2660\" data-element_type=\"section\">\n\t\t\t\t\t\t<div class=\"elementor-container elementor-column-gap-no\">\n\t\t\t\t\t<div class=\"elementor-column elementor-col-50 elementor-top-column elementor-element elementor-element-1a3a7cfa\" data-id=\"1a3a7cfa\" data-element_type=\"column\">\n\t\t\t<div class=\"elementor-widget-wrap elementor-element-populated\">\n\t\t\t\t\t\t<div class=\"elementor-element elementor-element-4cf7e54b bloc-reservation-embed elementor-widget elementor-widget-html\" data-id=\"4cf7e54b\" data-element_type=\"widget\" data-widget_type=\"html.default\">\n\t\t\t\t<div class=\"elementor-widget-container\">\n\t\t\t\t\t<div class=\"reservation-big-wrapper\">\n    <div style=\"max-width: 499px;margin:auto\">\n    <iframe src=\"https:\/\/bookings.zenchef.com\/results?rid=355145&amp;pid=1001\" width=\"100%\" height=\"630\"><span data-mce-type=\"bookmark\" style=\"display: inline-block; width: 0px; overflow: hidden; line-height: 0;\" class=\"mce_SELRES_start\"><\/span>\n<\/iframe>\n<\/div>\n<\/div>\t\t\t\t<\/div>\n\t\t\t\t<\/div>\n\t\t\t\t\t<\/div>\n\t\t<\/div>\n\t\t\t\t<div class=\"elementor-column elementor-col-50 elementor-top-column elementor-element elementor-element-de4b24f\" data-id=\"de4b24f\" data-element_type=\"column\">\n\t\t\t<div class=\"elementor-widget-wrap elementor-element-populated\">\n\t\t\t\t\t\t<div class=\"elementor-element elementor-element-40dadbce elementor-widget elementor-widget-text-editor\" data-id=\"40dadbce\" data-element_type=\"widget\" data-widget_type=\"text-editor.default\">\n\t\t\t\t<div class=\"elementor-widget-container\">\n\t\t\t\t\t\t\t\t\t<h2>Ils ont go\u00fbt\u00e9\u2026 et ils en parlent mieux que nous<\/h2><p>Avis v\u00e9rifi\u00e9s, partag\u00e9s apr\u00e8s un repas chez nous.<br \/>Merci \u00e0 tous ceux qui prennent le temps de t\u00e9moigner de leur passage !<\/p>\t\t\t\t\t\t\t\t<\/div>\n\t\t\t\t<\/div>\n\t\t\t\t<div class=\"elementor-element elementor-element-92feaf2 bloc-reservation-embed elementor-widget elementor-widget-html\" data-id=\"92feaf2\" data-element_type=\"widget\" data-widget_type=\"html.default\">\n\t\t\t\t<div class=\"elementor-widget-container\">\n\t\t\t\t\t<iframe src='https:\/\/widget-reviews.zenchef.com\/355145' width='100%' height='600' style='width: 100%; display: block; margin: 0 auto; height:480px; max-width:800px; background-color:#ffffff;padding-bottom:30px' frameborder='0' vspace='0' hspace='0' webkitallowfullscreen='' mozallowfullscreen='' allowfullscreen='' scrolling='no'><\/iframe>\t\t\t\t<\/div>\n\t\t\t\t<\/div>\n\t\t\t\t\t<\/div>\n\t\t<\/div>\n\t\t\t\t\t<\/div>\n\t\t<\/section>\n\t\t\t\t<section class=\"elementor-section elementor-top-section elementor-element elementor-element-ff8088d elementor-section-boxed elementor-section-height-default elementor-section-height-default\" data-id=\"ff8088d\" data-element_type=\"section\">\n\t\t\t\t\t\t<div class=\"elementor-container elementor-column-gap-no\">\n\t\t\t\t\t<div class=\"elementor-column elementor-col-100 elementor-top-column elementor-element elementor-element-4737f5b\" data-id=\"4737f5b\" data-element_type=\"column\">\n\t\t\t<div class=\"elementor-widget-wrap\">\n\t\t\t\t\t\t\t<\/div>\n\t\t<\/div>\n\t\t\t\t\t<\/div>\n\t\t<\/section>\n\t\t\t\t<section class=\"elementor-section elementor-top-section elementor-element elementor-element-6f6fd95e elementor-section-boxed elementor-section-height-default elementor-section-height-default\" data-id=\"6f6fd95e\" data-element_type=\"section\">\n\t\t\t\t\t\t<div class=\"elementor-container elementor-column-gap-default\">\n\t\t\t\t\t<div class=\"elementor-column elementor-col-33 elementor-top-column elementor-element elementor-element-11d7de10\" data-id=\"11d7de10\" data-element_type=\"column\" data-settings=\"{&quot;background_background&quot;:&quot;classic&quot;}\">\n\t\t\t<div class=\"elementor-widget-wrap elementor-element-populated\">\n\t\t\t\t\t\t<div class=\"elementor-element elementor-element-6f23e4ee elementor-widget elementor-widget-heading\" data-id=\"6f23e4ee\" data-element_type=\"widget\" data-widget_type=\"heading.default\">\n\t\t\t\t<div class=\"elementor-widget-container\">\n\t\t\t\t\t<h2 class=\"elementor-heading-title elementor-size-default\">RESERVATION\n<\/h2>\t\t\t\t<\/div>\n\t\t\t\t<\/div>\n\t\t\t\t<div class=\"elementor-element elementor-element-275dd504 elementor-widget elementor-widget-heading\" data-id=\"275dd504\" data-element_type=\"widget\" data-widget_type=\"heading.default\">\n\t\t\t\t<div class=\"elementor-widget-container\">\n\t\t\t\t\t<h3 class=\"elementor-heading-title elementor-size-default\">Dining Room \u2013 Table d'H\u00f4tes signature \u2013 Show Kitchen\n\n<\/h3>\t\t\t\t<\/div>\n\t\t\t\t<\/div>\n\t\t\t\t<div class=\"elementor-element elementor-element-c8bed41 elementor-widget elementor-widget-text-editor\" data-id=\"c8bed41\" data-element_type=\"widget\" data-widget_type=\"text-editor.default\">\n\t\t\t\t<div class=\"elementor-widget-container\">\n\t\t\t\t\t\t\t\t\t<p><a href=\"tel:+33142598289\"><span style=\"text-decoration: underline;\">+33 1 42 59 82 89<\/span><\/a><br \/><i>7 days a week<br \/><\/i>Ouverture de la cuisine <br \/>12am \u2013 2.30pm &amp; 6.30pm \u2013 10.00pm<br \/>Le Coq at home: takeout and delivery!<\/p>\t\t\t\t\t\t\t\t<\/div>\n\t\t\t\t<\/div>\n\t\t\t\t<div class=\"elementor-element elementor-element-35937b8 elementor-invisible elementor-widget elementor-widget-image\" data-id=\"35937b8\" data-element_type=\"widget\" data-settings=\"{&quot;_animation&quot;:&quot;fadeInLeft&quot;}\" data-widget_type=\"image.default\">\n\t\t\t\t<div class=\"elementor-widget-container\">\n\t\t\t\t\t\t\t\t\t\t\t\t<figure class=\"wp-caption\">\n\t\t\t\t\t\t\t\t\t\t\t<a href=\"https:\/\/lecoq-fils.com\/wp-content\/uploads\/2023\/02\/restaurant-de-qualite-lecoqetfils.png\" data-elementor-open-lightbox=\"yes\" data-e-action-hash=\"#elementor-action%3Aaction%3Dlightbox%26settings%3DeyJpZCI6MzY2NywidXJsIjoiaHR0cHM6XC9cL2xlY29xLWZpbHMuY29tXC93cC1jb250ZW50XC91cGxvYWRzXC8yMDIzXC8wMlwvcmVzdGF1cmFudC1kZS1xdWFsaXRlLWxlY29xZXRmaWxzLnBuZyJ9\">\n\t\t\t\t\t\t\t<img decoding=\"async\" width=\"150\" height=\"150\" src=\"https:\/\/lecoq-fils.com\/wp-content\/uploads\/2023\/02\/restaurant-de-qualite-lecoqetfils-150x150.png\" class=\"attachment-thumbnail size-thumbnail wp-image-3667\" alt=\"Le restaurant Le Coq et Fils labelis\u00e9 Restaurant de qualit\u00e9 Coll\u00e8ge Culinaire de France\" \/>\t\t\t\t\t\t\t\t<\/a>\n\t\t\t\t\t\t\t\t\t\t\t<figcaption class=\"widget-image-caption wp-caption-text\"><\/figcaption>\n\t\t\t\t\t\t\t\t\t\t<\/figure>\n\t\t\t\t\t\t\t\t\t<\/div>\n\t\t\t\t<\/div>\n\t\t\t\t<div class=\"elementor-element elementor-element-3154111 elementor-widget elementor-widget-text-editor\" data-id=\"3154111\" data-element_type=\"widget\" data-widget_type=\"text-editor.default\">\n\t\t\t\t<div class=\"elementor-widget-container\">\n\t\t\t\t\t\t\t\t\t<p style=\"text-align: center;\">Come and enjoy our poultryhouse, nested on the butte Montmartre!<br><\/p>\t\t\t\t\t\t\t\t<\/div>\n\t\t\t\t<\/div>\n\t\t\t\t\t<\/div>\n\t\t<\/div>\n\t\t\t\t<div class=\"elementor-column elementor-col-33 elementor-top-column elementor-element elementor-element-307ddba0\" data-id=\"307ddba0\" data-element_type=\"column\">\n\t\t\t<div class=\"elementor-widget-wrap elementor-element-populated\">\n\t\t\t\t\t\t<div class=\"elementor-element elementor-element-68b2e5b elementor-widget elementor-widget-image\" data-id=\"68b2e5b\" data-element_type=\"widget\" data-widget_type=\"image.default\">\n\t\t\t\t<div class=\"elementor-widget-container\">\n\t\t\t\t\t\t\t\t\t\t\t\t\t\t\t<img decoding=\"async\" src=\"https:\/\/lecoq-fils.com\/wp-content\/uploads\/2021\/09\/photo-restaurant-coq-fils.jpeg\" title=\"photo restaurant coq &#038; fils\" alt=\"Photo salle r\u00e9servations restaurant le coq &amp; fils\" loading=\"lazy\" \/>\t\t\t\t\t\t\t\t\t\t\t\t\t\t\t<\/div>\n\t\t\t\t<\/div>\n\t\t\t\t\t<\/div>\n\t\t<\/div>\n\t\t\t\t<div class=\"elementor-column elementor-col-33 elementor-top-column elementor-element elementor-element-5542ce5\" data-id=\"5542ce5\" data-element_type=\"column\">\n\t\t\t<div class=\"elementor-widget-wrap elementor-element-populated\">\n\t\t\t\t\t\t<div class=\"elementor-element elementor-element-51a001a elementor-widget elementor-widget-google_maps\" data-id=\"51a001a\" data-element_type=\"widget\" data-widget_type=\"google_maps.default\">\n\t\t\t\t<div class=\"elementor-widget-container\">\n\t\t\t\t\t\t\t<div class=\"elementor-custom-embed\">\n\t\t\t<iframe loading=\"lazy\"\n\t\t\t\t\tsrc=\"https:\/\/maps.google.com\/maps?q=Le%20Coq%20%26%20Fils&#038;t=m&#038;z=16&#038;output=embed&#038;iwloc=near\"\n\t\t\t\t\ttitle=\"Le Coq &amp; Fils\"\n\t\t\t\t\taria-label=\"Le Coq &amp; Fils\"\n\t\t\t><\/iframe>\n\t\t<\/div>\n\t\t\t\t\t\t<\/div>\n\t\t\t\t<\/div>\n\t\t\t\t\t<\/div>\n\t\t<\/div>\n\t\t\t\t\t<\/div>\n\t\t<\/section>\n\t\t\t\t<\/div>","protected":false},"excerpt":{"rendered":"<p>R\u00c9SERVATIONS \ufeff Ils ont go\u00fbt\u00e9\u2026 et ils en parlent mieux que nous Avis v\u00e9rifi\u00e9s, partag\u00e9s apr\u00e8s un repas chez nous.Merci \u00e0 tous ceux qui prennent le temps de t\u00e9moigner de leur passage ! R\u00c9SERVATIONS en Salle \u2013 Table d\u2019h\u00f4tes \u2013 Show kitchen +33 1 42 59 82 89Lundi &#8211; DimancheOuverture de la cuisine 12h \u2013 [&hellip;]<\/p>","protected":false},"author":3,"featured_media":0,"parent":0,"menu_order":0,"comment_status":"closed","ping_status":"closed","template":"","meta":{"_acf_changed":false,"_monsterinsights_skip_tracking":false,"_monsterinsights_sitenote_active":false,"_monsterinsights_sitenote_note":"","_monsterinsights_sitenote_category":0,"footnotes":""},"class_list":["post-709","page","type-page","status-publish","hentry"],"acf":[],"aioseo_notices":[],"_links":{"self":[{"href":"https:\/\/lecoq-fils.com\/en\/wp-json\/wp\/v2\/pages\/709","targetHints":{"allow":["GET"]}}],"collection":[{"href":"https:\/\/lecoq-fils.com\/en\/wp-json\/wp\/v2\/pages"}],"about":[{"href":"https:\/\/lecoq-fils.com\/en\/wp-json\/wp\/v2\/types\/page"}],"author":[{"embeddable":true,"href":"https:\/\/lecoq-fils.com\/en\/wp-json\/wp\/v2\/users\/3"}],"replies":[{"embeddable":true,"href":"https:\/\/lecoq-fils.com\/en\/wp-json\/wp\/v2\/comments?post=709"}],"version-history":[{"count":0,"href":"https:\/\/lecoq-fils.com\/en\/wp-json\/wp\/v2\/pages\/709\/revisions"}],"wp:attachment":[{"href":"https:\/\/lecoq-fils.com\/en\/wp-json\/wp\/v2\/media?parent=709"}],"curies":[{"name":"wp","href":"https:\/\/api.w.org\/{rel}","templated":true}]}}